{"id":15,"date":"2015-04-30T15:04:40","date_gmt":"2015-04-30T14:04:40","guid":{"rendered":"https:\/\/www.clic-vin.com\/?page_id=15"},"modified":"2021-02-27T04:37:33","modified_gmt":"2021-02-27T03:37:33","slug":"contact","status":"publish","type":"page","link":"https:\/\/www.clic-vin.com\/en\/contact\/","title":{"rendered":"Contact"},"content":{"rendered":"","protected":false},"excerpt":{"rendered":"","protected":false},"author":1,"featured_media":0,"parent":0,"menu_order":0,"comment_status":"open","ping_status":"open","template":"","meta":{"_acf_changed":false,"_seopress_robots_primary_cat":"","_seopress_titles_title":"Contacter %%sitename%%","_seopress_titles_desc":"Si vous avez besoin d&#039;aide \u00e0 tout moment, vous pouvez s\u00fbrement nous contacter, nous sommes toujours l\u00e0 pour vous aider...","_seopress_robots_index":"","footnotes":""},"class_list":["post-15","page","type-page","status-publish","hentry"],"acf":[],"_links":{"self":[{"href":"https:\/\/www.clic-vin.com\/en\/wp-json\/wp\/v2\/pages\/15","targetHints":{"allow":["GET"]}}],"collection":[{"href":"https:\/\/www.clic-vin.com\/en\/wp-json\/wp\/v2\/pages"}],"about":[{"href":"https:\/\/www.clic-vin.com\/en\/wp-json\/wp\/v2\/types\/page"}],"author":[{"embeddable":true,"href":"https:\/\/www.clic-vin.com\/en\/wp-json\/wp\/v2\/users\/1"}],"replies":[{"embeddable":true,"href":"https:\/\/www.clic-vin.com\/en\/wp-json\/wp\/v2\/comments?post=15"}],"version-history":[{"count":13,"href":"https:\/\/www.clic-vin.com\/en\/wp-json\/wp\/v2\/pages\/15\/revisions"}],"predecessor-version":[{"id":3772,"href":"https:\/\/www.clic-vin.com\/en\/wp-json\/wp\/v2\/pages\/15\/revisions\/3772"}],"wp:attachment":[{"href":"https:\/\/www.clic-vin.com\/en\/wp-json\/wp\/v2\/media?parent=15"}],"curies":[{"name":"wp","href":"https:\/\/api.w.org\/{rel}","templated":true}]}}