{"id":2330,"date":"2020-05-29T14:57:04","date_gmt":"2020-05-29T13:57:04","guid":{"rendered":"https:\/\/www.clic-vin.com\/panier\/"},"modified":"2021-03-01T09:50:40","modified_gmt":"2021-03-01T08:50:40","slug":"panier","status":"publish","type":"page","link":"https:\/\/www.clic-vin.com\/en\/panier\/","title":{"rendered":"Cart"},"content":{"rendered":"","protected":false},"excerpt":{"rendered":"<p>Sorry, this entry is only available in FR.<\/p>\n","protected":false},"author":1,"featured_media":0,"parent":0,"menu_order":0,"comment_status":"closed","ping_status":"closed","template":"","meta":{"_acf_changed":false,"_seopress_robots_primary_cat":"","_seopress_titles_title":"Vin | %%sitename%%","_seopress_titles_desc":"Vin Le vin est une boisson alcoolis\u00e9e g\u00e9n\u00e9ralement \u00e0 base de jus de raisin ferment\u00e9. La levure consomme le sucre des raisins ...","_seopress_robots_index":"","footnotes":""},"class_list":["post-2330","page","type-page","status-publish","hentry"],"acf":[],"_links":{"self":[{"href":"https:\/\/www.clic-vin.com\/en\/wp-json\/wp\/v2\/pages\/2330","targetHints":{"allow":["GET"]}}],"collection":[{"href":"https:\/\/www.clic-vin.com\/en\/wp-json\/wp\/v2\/pages"}],"about":[{"href":"https:\/\/www.clic-vin.com\/en\/wp-json\/wp\/v2\/types\/page"}],"author":[{"embeddable":true,"href":"https:\/\/www.clic-vin.com\/en\/wp-json\/wp\/v2\/users\/1"}],"replies":[{"embeddable":true,"href":"https:\/\/www.clic-vin.com\/en\/wp-json\/wp\/v2\/comments?post=2330"}],"version-history":[{"count":3,"href":"https:\/\/www.clic-vin.com\/en\/wp-json\/wp\/v2\/pages\/2330\/revisions"}],"predecessor-version":[{"id":4076,"href":"https:\/\/www.clic-vin.com\/en\/wp-json\/wp\/v2\/pages\/2330\/revisions\/4076"}],"wp:attachment":[{"href":"https:\/\/www.clic-vin.com\/en\/wp-json\/wp\/v2\/media?parent=2330"}],"curies":[{"name":"wp","href":"https:\/\/api.w.org\/{rel}","templated":true}]}}