{"id":2798,"date":"2020-06-26T16:05:16","date_gmt":"2020-06-26T15:05:16","guid":{"rendered":"https:\/\/www.clic-vin.com\/?page_id=2798"},"modified":"2021-09-09T15:45:32","modified_gmt":"2021-09-09T14:45:32","slug":"qui-sommes-nous","status":"publish","type":"page","link":"https:\/\/www.clic-vin.com\/en\/qui-sommes-nous\/","title":{"rendered":"Who we are?"},"content":{"rendered":"<p><\/p>\n<p><a href=\"https:\/\/www.clic-vin.com\/wp-content\/uploads\/2020\/07\/visuel-chateau-la-france.jpg\"><img alt=\"Ch\u00e2teau La France\" loading=\"lazy\" decoding=\"async\" class=\"alignright size-full wp-image-2964\" src=\"https:\/\/www.clic-vin.com\/wp-content\/uploads\/2020\/07\/visuel-chateau-la-france.jpg\" alt=\"\" width=\"700\" height=\"523\" srcset=\"https:\/\/www.clic-vin.com\/wp-content\/uploads\/2020\/07\/visuel-chateau-la-france.jpg 700w, https:\/\/www.clic-vin.com\/wp-content\/uploads\/2020\/07\/visuel-chateau-la-france-600x448.jpg 600w, https:\/\/www.clic-vin.com\/wp-content\/uploads\/2020\/07\/visuel-chateau-la-france-300x224.jpg 300w\" sizes=\"auto, (max-width: 700px) 100vw, 700px\" \/><\/a>Producer harvesting in the Bordeaux region, we offer wines from our family properties certified as High Environmental Value Level 3, Ch\u00e2teau de Seguin and Ch\u00e2teau La France in the AOC Bordeaux Sup\u00e9rieur, AOC Bordeaux Blanc, AOC Bordeaux Ros\u00e9 and AOC Cr\u00e9mant appellations. Bordeaux.<\/p>\n<p>Our close relationships with brokers, owners and our customers as well as our status as a trader also allow us to offer you a selection of different wines from the Bordeaux region.<\/p>\n<p>You will find on Clic-Vin.com a selection of Grands Crus Class\u00e9s in 1855, Grands Crus Class\u00e9s from Saint-Emilion, Seconds Vins de Grands Crus Class\u00e9s, Grands Vins de Pomerol, Sauternes, M\u00e9doc and Crus Bourgeois.<\/p>\n<p>In addition, a daily presence in the heart of the great Bordeaux vineyard offers us the opportunity to offer you wines that we have selected in the various AOCs of the Bordeaux region, you will find small castles and certain gems exclusively with unbeatable price.<\/p>\n<p>Good visit and good future tasting.<\/p>\n<p><\/p>","protected":false},"excerpt":{"rendered":"<p>Producer harvesting in the Bordeaux region, we offer wines from our family properties certified as High Environmental Value Level 3, [&hellip;]<\/p>\n","protected":false},"author":1,"featured_media":0,"parent":0,"menu_order":0,"comment_status":"closed","ping_status":"closed","template":"","meta":{"_acf_changed":false,"_seopress_robots_primary_cat":"","_seopress_titles_title":"clic vin | Qui sommes-nous ? | Clic-vin.com","_seopress_titles_desc":"click wine Qui nous sommes? Producteur r\u00e9coltant dans la r\u00e9gion bordelaise, nous vous proposons des vins issus de nos propri\u00e9t\u00e9s ...","_seopress_robots_index":"","footnotes":""},"class_list":["post-2798","page","type-page","status-publish","hentry"],"acf":[],"_links":{"self":[{"href":"https:\/\/www.clic-vin.com\/en\/wp-json\/wp\/v2\/pages\/2798","targetHints":{"allow":["GET"]}}],"collection":[{"href":"https:\/\/www.clic-vin.com\/en\/wp-json\/wp\/v2\/pages"}],"about":[{"href":"https:\/\/www.clic-vin.com\/en\/wp-json\/wp\/v2\/types\/page"}],"author":[{"embeddable":true,"href":"https:\/\/www.clic-vin.com\/en\/wp-json\/wp\/v2\/users\/1"}],"replies":[{"embeddable":true,"href":"https:\/\/www.clic-vin.com\/en\/wp-json\/wp\/v2\/comments?post=2798"}],"version-history":[{"count":9,"href":"https:\/\/www.clic-vin.com\/en\/wp-json\/wp\/v2\/pages\/2798\/revisions"}],"predecessor-version":[{"id":4372,"href":"https:\/\/www.clic-vin.com\/en\/wp-json\/wp\/v2\/pages\/2798\/revisions\/4372"}],"wp:attachment":[{"href":"https:\/\/www.clic-vin.com\/en\/wp-json\/wp\/v2\/media?parent=2798"}],"curies":[{"name":"wp","href":"https:\/\/api.w.org\/{rel}","templated":true}]}}