{"id":2432,"date":"2020-06-10T16:21:44","date_gmt":"2020-06-10T15:21:44","guid":{"rendered":"https:\/\/www.clic-vin.com\/produit\/cuvee-carpe-diem-150-cl-2016-cb\/"},"modified":"2026-03-11T10:40:05","modified_gmt":"2026-03-11T09:40:05","slug":"chateau-de-seguin-cuvee-carpe-diem-150-cl-2016","status":"publish","type":"product","link":"https:\/\/www.clic-vin.com\/en\/produit\/chateau-de-seguin-cuvee-carpe-diem-150-cl-2016\/","title":{"rendered":"CUVEE CARPE DIEM 150 CL 2016"},"content":{"rendered":"<p><\/p>\n<p style=\"text-align: justify;\">Situated in the Entre-deux-Mers region of Bordeaux, Ch\u00e2teau de Seguin is a family wine estate stretching over 173 hectares (427 acres) of land in one piece with 95 ha planted with vines. The history of Chateau de Seguin is very ancient and starts in 780 when the first ch\u00e2teau was built by the Count of Seguin, Administrator of the Emperor Charlemagne. The present buildings were constructed on the foundation of the old ch\u00e2teau in the 1780\u2019s. A very old noble past is tied to this land, and the impressive number of buildings shows that the property has always been dedicated to agriculture and winemaking.<\/p>\n<p><\/p>","protected":false},"excerpt":{"rendered":"<p>Situated in the Entre-deux-Mers region of Bordeaux, Ch\u00e2teau de Seguin is a family wine estate stretching over 173 hectares (427 [&hellip;]<\/p>\n","protected":false},"featured_media":6161,"comment_status":"open","ping_status":"closed","template":"","meta":{"_acf_changed":false,"_seopress_robots_primary_cat":"none","_seopress_titles_title":"Achat vin Ch\u00e2teau de Seguin Cuv\u00e9e Carpe Diem Rouge 2016 1,5L","_seopress_titles_desc":"Acheter Ch\u00e2teau de Seguin Cuv\u00e9e Carpe Diem Rouge 2016 1,5L au meilleur prix sur %%sitename%%","_seopress_robots_index":""},"product_brand":[],"product_cat":[166,156,46],"product_tag":[],"class_list":{"0":"post-2432","1":"product","2":"type-product","3":"status-publish","4":"has-post-thumbnail","6":"product_cat-chateau-de-seguin","7":"product_cat-idees-cadeaux","8":"product_cat-rouge","9":"pa_accord-mets-vins-charcuterie","10":"pa_accord-mets-vins-gibier","11":"pa_accord-mets-vins-viande-blanche","12":"pa_accord-mets-vins-viande-rouge","13":"pa_alcool-146","14":"pa_aoc-bordeaux-superieur","15":"pa_couleur-rouge","16":"pa_millesime-27","17":"pa_rayon-vins-seguin","18":"pa_region-bordeaux","19":"pa_type-de-repas-barbecue","20":"pa_type-de-repas-diner-daffaire","21":"pa_type-de-repas-grande-tablee","22":"pa_type-de-repas-pique-nique","23":"pa_type-de-repas-repas-de-famille","24":"pa_type-de-repas-repas-de-fete","25":"pa_type-de-repas-repas-entre-amis","26":"pa_volume-15-l","28":"first","29":"onbackorder","30":"taxable","31":"shipping-taxable","32":"purchasable","33":"product-type-simple"},"acf":[],"_links":{"self":[{"href":"https:\/\/www.clic-vin.com\/en\/wp-json\/wp\/v2\/product\/2432","targetHints":{"allow":["GET"]}}],"collection":[{"href":"https:\/\/www.clic-vin.com\/en\/wp-json\/wp\/v2\/product"}],"about":[{"href":"https:\/\/www.clic-vin.com\/en\/wp-json\/wp\/v2\/types\/product"}],"replies":[{"embeddable":true,"href":"https:\/\/www.clic-vin.com\/en\/wp-json\/wp\/v2\/comments?post=2432"}],"wp:featuredmedia":[{"embeddable":true,"href":"https:\/\/www.clic-vin.com\/en\/wp-json\/wp\/v2\/media\/6161"}],"wp:attachment":[{"href":"https:\/\/www.clic-vin.com\/en\/wp-json\/wp\/v2\/media?parent=2432"}],"wp:term":[{"taxonomy":"product_brand","embeddable":true,"href":"https:\/\/www.clic-vin.com\/en\/wp-json\/wp\/v2\/product_brand?post=2432"},{"taxonomy":"product_cat","embeddable":true,"href":"https:\/\/www.clic-vin.com\/en\/wp-json\/wp\/v2\/product_cat?post=2432"},{"taxonomy":"product_tag","embeddable":true,"href":"https:\/\/www.clic-vin.com\/en\/wp-json\/wp\/v2\/product_tag?post=2432"}],"curies":[{"name":"wp","href":"https:\/\/api.w.org\/{rel}","templated":true}]}}