{"id":2468,"date":"2020-06-10T16:21:44","date_gmt":"2020-06-10T15:21:44","guid":{"rendered":"https:\/\/www.clic-vin.com\/produit\/chateau-la-foret-2015\/"},"modified":"2025-09-11T13:00:22","modified_gmt":"2025-09-11T12:00:22","slug":"chateau-la-foret-2016","status":"publish","type":"product","link":"https:\/\/www.clic-vin.com\/en\/produit\/chateau-la-foret-2016\/","title":{"rendered":"CHATEAU LA FORET, 2016"},"content":{"rendered":"<p><\/p>\n<p>Ch\u00e2teau La For\u00eat is the second wine of Ch\u00e2teau La Croix Saint Andr\u00e9, a family estate located in the village of N\u00e9ac on the famous terrace of N\u00e9ac-Pomerol-Saint Emilion. The vineyard benefits from a wide variety of soils : clay\/gravels, clay\/silica &amp; ferruginous stones, the famous &#8220;crasse de fer&#8221;.<\/p>\n<p><\/p>","protected":false},"excerpt":{"rendered":"<p>Ch\u00e2teau La For\u00eat is the second wine of Ch\u00e2teau La Croix Saint Andr\u00e9, a family estate located in the village [&hellip;]<\/p>\n","protected":false},"featured_media":2469,"comment_status":"open","ping_status":"closed","template":"","meta":{"_acf_changed":false,"_seopress_robots_primary_cat":"","_seopress_titles_title":"Ch\u00e2teau La For\u00eat Rouge 2016 | Achat vin | Clic-vin","_seopress_titles_desc":"Achat vin Ch\u00e2teau La For\u00eat Rouge 2016 au meilleur prix sur %%sitename%%","_seopress_robots_index":""},"product_brand":[],"product_cat":[46],"product_tag":[],"class_list":{"0":"post-2468","1":"product","2":"type-product","3":"status-publish","4":"has-post-thumbnail","6":"product_cat-rouge","7":"pa_accord-mets-vins-charcuterie","8":"pa_accord-mets-vins-gibier","9":"pa_accord-mets-vins-viande-blanche","10":"pa_accord-mets-vins-viande-rouge","11":"pa_alcool-143","12":"pa_aoc-lalande-de-pomerol","13":"pa_couleur-rouge","14":"pa_millesime-27","15":"pa_rayon-vins-negoce","16":"pa_region-bordeaux","17":"pa_type-de-repas-repas-entre-amis","18":"pa_volume-75-cl","20":"first","21":"outofstock","22":"taxable","23":"shipping-taxable","24":"purchasable","25":"product-type-simple"},"acf":[],"_links":{"self":[{"href":"https:\/\/www.clic-vin.com\/en\/wp-json\/wp\/v2\/product\/2468","targetHints":{"allow":["GET"]}}],"collection":[{"href":"https:\/\/www.clic-vin.com\/en\/wp-json\/wp\/v2\/product"}],"about":[{"href":"https:\/\/www.clic-vin.com\/en\/wp-json\/wp\/v2\/types\/product"}],"replies":[{"embeddable":true,"href":"https:\/\/www.clic-vin.com\/en\/wp-json\/wp\/v2\/comments?post=2468"}],"wp:featuredmedia":[{"embeddable":true,"href":"https:\/\/www.clic-vin.com\/en\/wp-json\/wp\/v2\/media\/2469"}],"wp:attachment":[{"href":"https:\/\/www.clic-vin.com\/en\/wp-json\/wp\/v2\/media?parent=2468"}],"wp:term":[{"taxonomy":"product_brand","embeddable":true,"href":"https:\/\/www.clic-vin.com\/en\/wp-json\/wp\/v2\/product_brand?post=2468"},{"taxonomy":"product_cat","embeddable":true,"href":"https:\/\/www.clic-vin.com\/en\/wp-json\/wp\/v2\/product_cat?post=2468"},{"taxonomy":"product_tag","embeddable":true,"href":"https:\/\/www.clic-vin.com\/en\/wp-json\/wp\/v2\/product_tag?post=2468"}],"curies":[{"name":"wp","href":"https:\/\/api.w.org\/{rel}","templated":true}]}}