{"id":2502,"date":"2020-06-10T16:21:44","date_gmt":"2020-06-10T15:21:44","guid":{"rendered":"https:\/\/www.clic-vin.com\/produit\/laurent-videau-costieres-de-nimes-2015\/"},"modified":"2025-09-11T13:00:15","modified_gmt":"2025-09-11T12:00:15","slug":"laurent-videau-costieres-de-nimes-2015","status":"publish","type":"product","link":"https:\/\/www.clic-vin.com\/en\/produit\/laurent-videau-costieres-de-nimes-2015\/","title":{"rendered":"LAURENT VIDEAU COSTIERES DE NIMES, 2015"},"content":{"rendered":"<p><\/p>\n<p style=\"text-align: justify;\">Selected by our professional team, this generous wine is produced in the area near the ancient city of Nimes. The vineyards are grown in the north of Camargue, in the appellation Costi\u00e8res de N\u00eemes &#8211; a part of the Rh\u00f4ne wine region.<\/p>\n<p><\/p>","protected":false},"excerpt":{"rendered":"<p>Selected by our professional team, this generous wine is produced in the area near the ancient city of Nimes. The [&hellip;]<\/p>\n","protected":false},"featured_media":3313,"comment_status":"open","ping_status":"closed","template":"","meta":{"_acf_changed":false,"_seopress_robots_primary_cat":"","_seopress_titles_title":"Laurent Videau Costieres de Nimes Rouge 2015 | Achat vin","_seopress_titles_desc":"Achat vin Laurent Videau Costieres de Nimes 2015 au meilleur prix sur %%sitename%%","_seopress_robots_index":""},"product_brand":[],"product_cat":[46],"product_tag":[],"class_list":{"0":"post-2502","1":"product","2":"type-product","3":"status-publish","4":"has-post-thumbnail","6":"product_cat-rouge","7":"pa_accord-mets-vins-charcuterie","8":"pa_accord-mets-vins-viande-blanche","9":"pa_accord-mets-vins-viande-rouge","10":"pa_alcool-143","11":"pa_aoc-costieres-de-nimes","12":"pa_couleur-rouge","13":"pa_millesime-61","14":"pa_rayon-vins-negoce-production","15":"pa_region-rhone","16":"pa_type-de-repas-barbecue","17":"pa_type-de-repas-pique-nique","18":"pa_type-de-repas-repas-entre-amis","19":"pa_type-de-repas-soiree-entre-copines","20":"pa_type-de-repas-soiree-pizza","21":"pa_volume-75-cl","23":"first","24":"outofstock","25":"taxable","26":"shipping-taxable","27":"purchasable","28":"product-type-simple"},"acf":[],"_links":{"self":[{"href":"https:\/\/www.clic-vin.com\/en\/wp-json\/wp\/v2\/product\/2502","targetHints":{"allow":["GET"]}}],"collection":[{"href":"https:\/\/www.clic-vin.com\/en\/wp-json\/wp\/v2\/product"}],"about":[{"href":"https:\/\/www.clic-vin.com\/en\/wp-json\/wp\/v2\/types\/product"}],"replies":[{"embeddable":true,"href":"https:\/\/www.clic-vin.com\/en\/wp-json\/wp\/v2\/comments?post=2502"}],"wp:featuredmedia":[{"embeddable":true,"href":"https:\/\/www.clic-vin.com\/en\/wp-json\/wp\/v2\/media\/3313"}],"wp:attachment":[{"href":"https:\/\/www.clic-vin.com\/en\/wp-json\/wp\/v2\/media?parent=2502"}],"wp:term":[{"taxonomy":"product_brand","embeddable":true,"href":"https:\/\/www.clic-vin.com\/en\/wp-json\/wp\/v2\/product_brand?post=2502"},{"taxonomy":"product_cat","embeddable":true,"href":"https:\/\/www.clic-vin.com\/en\/wp-json\/wp\/v2\/product_cat?post=2502"},{"taxonomy":"product_tag","embeddable":true,"href":"https:\/\/www.clic-vin.com\/en\/wp-json\/wp\/v2\/product_tag?post=2502"}],"curies":[{"name":"wp","href":"https:\/\/api.w.org\/{rel}","templated":true}]}}