{"id":2506,"date":"2020-06-10T16:21:44","date_gmt":"2020-06-10T15:21:44","guid":{"rendered":"https:\/\/www.clic-vin.com\/produit\/fleur-de-pedesclaux-2012\/"},"modified":"2021-09-03T09:28:02","modified_gmt":"2021-09-03T08:28:02","slug":"fleur-de-pedesclaux-2012","status":"publish","type":"product","link":"https:\/\/www.clic-vin.com\/en\/produit\/fleur-de-pedesclaux-2012\/","title":{"rendered":"FLEUR DE PEDESCLAUX 2012"},"content":{"rendered":"<p><\/p>\n<p style=\"text-align: justify;\">Fleur de Pedeclaux is the second label wine produced by Ch\u00e2teau P\u00e9desclaux, Grand Cru Class\u00e9 of Pauillac. This wine is like a flower of its name (Fleur in French) which opens up as you approach. The wine\u2019s higher proportion of Merlot gives it a tender and gentle style with an ample, silky structure. Its fruit aromas are intense, crisp and delicious.<br \/>\nFleur de P\u00e9desclaux can be drunk in its very early years.<\/p>\n<p><\/p>","protected":false},"excerpt":{"rendered":"<p>Fleur de Pedeclaux is the second label wine produced by Ch\u00e2teau P\u00e9desclaux, Grand Cru Class\u00e9 of Pauillac. This wine is [&hellip;]<\/p>\n","protected":false},"featured_media":3416,"comment_status":"open","ping_status":"closed","template":"","meta":{"_acf_changed":false,"_seopress_robots_primary_cat":"","_seopress_titles_title":"Fleur de Pedesclaux Rouge 2012 | Achat vin | Clic-vin","_seopress_titles_desc":"Achat vin Fleur de Pedesclaux Rouge 2012 au meilleur prix sur %%sitename%%","_seopress_robots_index":""},"product_brand":[],"product_cat":[156,46],"product_tag":[],"class_list":{"0":"post-2506","1":"product","2":"type-product","3":"status-publish","4":"has-post-thumbnail","6":"product_cat-idees-cadeaux","7":"product_cat-rouge","8":"pa_accord-mets-vins-gibier","9":"pa_accord-mets-vins-viande-rouge","10":"pa_alcool-143","11":"pa_aoc-pauillac","12":"pa_couleur-rouge","13":"pa_millesime-71","14":"pa_rayon-vins-negoce","15":"pa_region-bordeaux","16":"pa_type-de-repas-repas-de-famille","17":"pa_type-de-repas-repas-de-fete","18":"pa_type-de-repas-repas-entre-amis","19":"pa_volume-75-cl","21":"first","22":"outofstock","23":"taxable","24":"shipping-taxable","25":"purchasable","26":"product-type-simple"},"acf":[],"_links":{"self":[{"href":"https:\/\/www.clic-vin.com\/en\/wp-json\/wp\/v2\/product\/2506","targetHints":{"allow":["GET"]}}],"collection":[{"href":"https:\/\/www.clic-vin.com\/en\/wp-json\/wp\/v2\/product"}],"about":[{"href":"https:\/\/www.clic-vin.com\/en\/wp-json\/wp\/v2\/types\/product"}],"replies":[{"embeddable":true,"href":"https:\/\/www.clic-vin.com\/en\/wp-json\/wp\/v2\/comments?post=2506"}],"wp:featuredmedia":[{"embeddable":true,"href":"https:\/\/www.clic-vin.com\/en\/wp-json\/wp\/v2\/media\/3416"}],"wp:attachment":[{"href":"https:\/\/www.clic-vin.com\/en\/wp-json\/wp\/v2\/media?parent=2506"}],"wp:term":[{"taxonomy":"product_brand","embeddable":true,"href":"https:\/\/www.clic-vin.com\/en\/wp-json\/wp\/v2\/product_brand?post=2506"},{"taxonomy":"product_cat","embeddable":true,"href":"https:\/\/www.clic-vin.com\/en\/wp-json\/wp\/v2\/product_cat?post=2506"},{"taxonomy":"product_tag","embeddable":true,"href":"https:\/\/www.clic-vin.com\/en\/wp-json\/wp\/v2\/product_tag?post=2506"}],"curies":[{"name":"wp","href":"https:\/\/api.w.org\/{rel}","templated":true}]}}