{"id":2512,"date":"2020-06-10T16:21:44","date_gmt":"2020-06-10T15:21:44","guid":{"rendered":"https:\/\/www.clic-vin.com\/produit\/chateau-grand-puy-lacoste-2013\/"},"modified":"2025-09-11T13:00:15","modified_gmt":"2025-09-11T12:00:15","slug":"chateau-grand-puy-lacoste-2013","status":"publish","type":"product","link":"https:\/\/www.clic-vin.com\/en\/produit\/chateau-grand-puy-lacoste-2013\/","title":{"rendered":"CHATEAU GRAND PUY LACOSTE, 2013"},"content":{"rendered":"<p><\/p>\n<p style=\"text-align: justify;\">Ch\u00e2teau Grand-Puy Lacoste, Great Classified Growth of Pauillac in 1855, is one of the oldest estates in the Medoc with a history going back to the 16th century. The name Grand-Puy, already mentioned in documents from the Middle Ages, comes from the ancient term &#8220;puy\u201d which means &#8220;hillock, small height\u201d. True to its name, the vineyard sits on outcrops with a terroir similar to that of the M\u00e9doc&#8217;s first growths. Since the 16th century the property remained attached to a single family from generation to generation, in a direct line through marriage until 1920, before connecting with another family in 1978\u2014the Borie. Today, Grand-Puy-Lacoste remains family-owned : Jean-Eug\u00e8ne Borie, who loved the M\u00e9doc and its vines, entrusted it to his eldest son, Fran\u00e7ois-Xavier, who gradually renovated the ch\u00e2teau and its winemaking facilities. Today, his eldest daughter, Emeline, works at his side.<\/p>\n<p><\/p>","protected":false},"excerpt":{"rendered":"<p>Ch\u00e2teau Grand-Puy Lacoste, Great Classified Growth of Pauillac in 1855, is one of the oldest estates in the Medoc with [&hellip;]<\/p>\n","protected":false},"featured_media":3348,"comment_status":"open","ping_status":"closed","template":"","meta":{"_acf_changed":false,"_seopress_robots_primary_cat":"","_seopress_titles_title":"Ch\u00e2teau Grand Puy Lacoste 2013 Rouge | Achat vin","_seopress_titles_desc":"Achat vin Ch\u00e2teau Grand Puy Lacoste Rouge 2013 au meilleur prix sur %%sitename%%","_seopress_robots_index":""},"product_brand":[],"product_cat":[156,46],"product_tag":[],"class_list":{"0":"post-2512","1":"product","2":"type-product","3":"status-publish","4":"has-post-thumbnail","6":"product_cat-idees-cadeaux","7":"product_cat-rouge","8":"pa_accord-mets-vins-gibier","9":"pa_accord-mets-vins-viande-rouge","10":"pa_alcool-146","11":"pa_aoc-pauillac","12":"pa_couleur-rouge","13":"pa_millesime-59","14":"pa_rayon-vins-grands-crus-classes","15":"pa_region-bordeaux","16":"pa_type-de-repas-diner-aux-chandelles","17":"pa_type-de-repas-diner-daffaire","18":"pa_type-de-repas-repas-de-famille","19":"pa_type-de-repas-repas-de-fete","20":"pa_volume-75-cl","22":"first","23":"instock","24":"taxable","25":"shipping-taxable","26":"purchasable","27":"product-type-simple"},"acf":[],"_links":{"self":[{"href":"https:\/\/www.clic-vin.com\/en\/wp-json\/wp\/v2\/product\/2512","targetHints":{"allow":["GET"]}}],"collection":[{"href":"https:\/\/www.clic-vin.com\/en\/wp-json\/wp\/v2\/product"}],"about":[{"href":"https:\/\/www.clic-vin.com\/en\/wp-json\/wp\/v2\/types\/product"}],"replies":[{"embeddable":true,"href":"https:\/\/www.clic-vin.com\/en\/wp-json\/wp\/v2\/comments?post=2512"}],"wp:featuredmedia":[{"embeddable":true,"href":"https:\/\/www.clic-vin.com\/en\/wp-json\/wp\/v2\/media\/3348"}],"wp:attachment":[{"href":"https:\/\/www.clic-vin.com\/en\/wp-json\/wp\/v2\/media?parent=2512"}],"wp:term":[{"taxonomy":"product_brand","embeddable":true,"href":"https:\/\/www.clic-vin.com\/en\/wp-json\/wp\/v2\/product_brand?post=2512"},{"taxonomy":"product_cat","embeddable":true,"href":"https:\/\/www.clic-vin.com\/en\/wp-json\/wp\/v2\/product_cat?post=2512"},{"taxonomy":"product_tag","embeddable":true,"href":"https:\/\/www.clic-vin.com\/en\/wp-json\/wp\/v2\/product_tag?post=2512"}],"curies":[{"name":"wp","href":"https:\/\/api.w.org\/{rel}","templated":true}]}}