{"id":2514,"date":"2020-06-10T16:21:44","date_gmt":"2020-06-10T15:21:44","guid":{"rendered":"https:\/\/www.clic-vin.com\/produit\/chateau-haut-bages-liberal-2015\/"},"modified":"2025-09-11T13:00:15","modified_gmt":"2025-09-11T12:00:15","slug":"chateau-haut-bages-liberal-2015","status":"publish","type":"product","link":"https:\/\/www.clic-vin.com\/en\/produit\/chateau-haut-bages-liberal-2015\/","title":{"rendered":"CHATEAU HAUT BAGES LIBERAL 2015"},"content":{"rendered":"<p><\/p>\n<p style=\"text-align: justify;\">Ch\u00e2teau Haut-Bages Lib\u00e9ral is the vineyard of 30 hectares located on the gravelly slopes of Bages in the south of Pauillac. The great quality of the wines of Haut-Bages Lib\u00e9ral was recognised by the famous classification of Medoc in 1855. Ch\u00e2teau Haut-Bages Lib\u00e9ral is on the way of getting the organic farming certification. This first certification will allow the estate to continue its fight for the protection of the environment and eventually claim a biodynamic farming certification.<\/p>\n<p><\/p>","protected":false},"excerpt":{"rendered":"<p>Ch\u00e2teau Haut-Bages Lib\u00e9ral is the vineyard of 30 hectares located on the gravelly slopes of Bages in the south of [&hellip;]<\/p>\n","protected":false},"featured_media":3351,"comment_status":"open","ping_status":"closed","template":"","meta":{"_acf_changed":false,"_seopress_robots_primary_cat":"","_seopress_titles_title":"Ch\u00e2teau Haut Bages Liberal 2015 Rouge | Achat vin","_seopress_titles_desc":"Achat vin Ch\u00e2teau Haut Bages Liberal Rouge 2015 au meilleur prix sur %%sitename%%","_seopress_robots_index":""},"product_brand":[],"product_cat":[46],"product_tag":[],"class_list":{"0":"post-2514","1":"product","2":"type-product","3":"status-publish","4":"has-post-thumbnail","6":"product_cat-rouge","7":"pa_accord-mets-vins-gibier","8":"pa_accord-mets-vins-viande-rouge","9":"pa_alcool-146","10":"pa_aoc-pauillac","11":"pa_couleur-rouge","12":"pa_millesime-61","13":"pa_rayon-vins-grands-crus-classes","14":"pa_region-bordeaux","15":"pa_type-de-repas-diner-aux-chandelles","16":"pa_type-de-repas-diner-daffaire","17":"pa_type-de-repas-repas-de-famille","18":"pa_type-de-repas-repas-de-fete","19":"pa_volume-75-cl","21":"first","22":"outofstock","23":"taxable","24":"shipping-taxable","25":"purchasable","26":"product-type-simple"},"acf":[],"_links":{"self":[{"href":"https:\/\/www.clic-vin.com\/en\/wp-json\/wp\/v2\/product\/2514","targetHints":{"allow":["GET"]}}],"collection":[{"href":"https:\/\/www.clic-vin.com\/en\/wp-json\/wp\/v2\/product"}],"about":[{"href":"https:\/\/www.clic-vin.com\/en\/wp-json\/wp\/v2\/types\/product"}],"replies":[{"embeddable":true,"href":"https:\/\/www.clic-vin.com\/en\/wp-json\/wp\/v2\/comments?post=2514"}],"wp:featuredmedia":[{"embeddable":true,"href":"https:\/\/www.clic-vin.com\/en\/wp-json\/wp\/v2\/media\/3351"}],"wp:attachment":[{"href":"https:\/\/www.clic-vin.com\/en\/wp-json\/wp\/v2\/media?parent=2514"}],"wp:term":[{"taxonomy":"product_brand","embeddable":true,"href":"https:\/\/www.clic-vin.com\/en\/wp-json\/wp\/v2\/product_brand?post=2514"},{"taxonomy":"product_cat","embeddable":true,"href":"https:\/\/www.clic-vin.com\/en\/wp-json\/wp\/v2\/product_cat?post=2514"},{"taxonomy":"product_tag","embeddable":true,"href":"https:\/\/www.clic-vin.com\/en\/wp-json\/wp\/v2\/product_tag?post=2514"}],"curies":[{"name":"wp","href":"https:\/\/api.w.org\/{rel}","templated":true}]}}