{"id":2530,"date":"2020-06-10T16:21:44","date_gmt":"2020-06-10T15:21:44","guid":{"rendered":"https:\/\/www.clic-vin.com\/produit\/promesse-du-chateau-soleil-2014\/"},"modified":"2025-09-11T13:00:16","modified_gmt":"2025-09-11T12:00:16","slug":"promesse-du-chateau-soleil-2014","status":"publish","type":"product","link":"https:\/\/www.clic-vin.com\/en\/produit\/promesse-du-chateau-soleil-2014\/","title":{"rendered":"PROMESSE DU CHATEAU SOLEIL, 2014"},"content":{"rendered":"<p><\/p>\n<p style=\"text-align: justify;\">The history of Ch\u00e2teau Soleil, located in Puisseguin, near SaintEmilion, is that of a family tradition going back more than two centuries. Jean Soleil previously produced a generous, fruity wine on this exceptional 20 hectare estate and Ch\u00e2teau Soleil was even acknowledged as &#8220;first wine in its appellation&#8221; by the INAO during the 50th anniversary of the AOC Puisseguin Saint-Emilion&#8230;<br \/>\nIn 2005, Ch\u00e2teau Soleil was acquired by a group of enthusiastic wine lovers including Didier Miqueu and Stephan von Neipperg, the owner of La Mondotte and Ch\u00e2teau Canon La Gaffeli\u00e8re, Premiers Grands Crus Class\u00e9s in Saint-Emilion. These two men have worked hard, investing money and expertise to produce the<br \/>\nbest possible wine.<\/p>\n<p><\/p>","protected":false},"excerpt":{"rendered":"<p>The history of Ch\u00e2teau Soleil, located in Puisseguin, near SaintEmilion, is that of a family tradition going back more than [&hellip;]<\/p>\n","protected":false},"featured_media":3444,"comment_status":"open","ping_status":"closed","template":"","meta":{"_acf_changed":false,"_seopress_robots_primary_cat":"","_seopress_titles_title":"Promesse du Ch\u00e2teau Soleil Rouge 2014 | Achat vin","_seopress_titles_desc":"Achat vin Promesse du Ch\u00e2teau Soleil Rouge 2014 au meilleur prix sur %%sitename%%","_seopress_robots_index":""},"product_brand":[],"product_cat":[46],"product_tag":[],"class_list":{"0":"post-2530","1":"product","2":"type-product","3":"status-publish","4":"has-post-thumbnail","6":"product_cat-rouge","7":"pa_accord-mets-vins-charcuterie","8":"pa_accord-mets-vins-gibier","9":"pa_accord-mets-vins-viande-blanche","10":"pa_accord-mets-vins-viande-rouge","11":"pa_alcool-146","12":"pa_aoc-puisseguin-st-emilion","13":"pa_couleur-rouge","14":"pa_millesime-60","15":"pa_rayon-vins-negoce","16":"pa_region-bordeaux","17":"pa_volume-75-cl","19":"first","20":"outofstock","21":"taxable","22":"shipping-taxable","23":"purchasable","24":"product-type-simple"},"acf":[],"_links":{"self":[{"href":"https:\/\/www.clic-vin.com\/en\/wp-json\/wp\/v2\/product\/2530","targetHints":{"allow":["GET"]}}],"collection":[{"href":"https:\/\/www.clic-vin.com\/en\/wp-json\/wp\/v2\/product"}],"about":[{"href":"https:\/\/www.clic-vin.com\/en\/wp-json\/wp\/v2\/types\/product"}],"replies":[{"embeddable":true,"href":"https:\/\/www.clic-vin.com\/en\/wp-json\/wp\/v2\/comments?post=2530"}],"wp:featuredmedia":[{"embeddable":true,"href":"https:\/\/www.clic-vin.com\/en\/wp-json\/wp\/v2\/media\/3444"}],"wp:attachment":[{"href":"https:\/\/www.clic-vin.com\/en\/wp-json\/wp\/v2\/media?parent=2530"}],"wp:term":[{"taxonomy":"product_brand","embeddable":true,"href":"https:\/\/www.clic-vin.com\/en\/wp-json\/wp\/v2\/product_brand?post=2530"},{"taxonomy":"product_cat","embeddable":true,"href":"https:\/\/www.clic-vin.com\/en\/wp-json\/wp\/v2\/product_cat?post=2530"},{"taxonomy":"product_tag","embeddable":true,"href":"https:\/\/www.clic-vin.com\/en\/wp-json\/wp\/v2\/product_tag?post=2530"}],"curies":[{"name":"wp","href":"https:\/\/api.w.org\/{rel}","templated":true}]}}