{"id":2540,"date":"2020-06-10T16:21:44","date_gmt":"2020-06-10T15:21:44","guid":{"rendered":"https:\/\/www.clic-vin.com\/produit\/chateau-levangile-2011\/"},"modified":"2025-09-11T13:00:16","modified_gmt":"2025-09-11T12:00:16","slug":"chateau-levangile-2011","status":"publish","type":"product","link":"https:\/\/www.clic-vin.com\/en\/produit\/chateau-levangile-2011\/","title":{"rendered":"CHATEAU L&#8217;EVANGILE, 2011"},"content":{"rendered":"<p><\/p>\n<p>Ch\u00e2teau L&#8217;Evangile is located on the famous slopes of Pomerol appellation, between the ledendary Petrus and Chavel Blanc. The vineyard covers 22 hectares, made up of sandy clay soil with pure gravel, on a subsoil containing iron residues. The grape varieties consist of Merlot (80%) which contributes to the wine\u2019s fruity flavour and body, and its unmistakable suppleness; and \u201cBouchet\u201d, the local name for Cabernet Franc (20%), which brings finesse and structure.<\/p>\n<p><\/p>","protected":false},"excerpt":{"rendered":"<p>Ch\u00e2teau L&#8217;Evangile is located on the famous slopes of Pomerol appellation, between the ledendary Petrus and Chavel Blanc. The vineyard [&hellip;]<\/p>\n","protected":false},"featured_media":3354,"comment_status":"open","ping_status":"closed","template":"","meta":{"_acf_changed":false,"_seopress_robots_primary_cat":"","_seopress_titles_title":"Ch\u00e2teau L&#039;\u00c9vangile 2011 Rouge | Achat vin | Clic-vin","_seopress_titles_desc":"Achat vin Ch\u00e2teau L&#039;\u00c9vangile Rouge 2011 au meilleur prix sur %%sitename%%","_seopress_robots_index":"yes"},"product_brand":[],"product_cat":[46],"product_tag":[],"class_list":{"0":"post-2540","1":"product","2":"type-product","3":"status-publish","4":"has-post-thumbnail","6":"product_cat-rouge","7":"pa_accord-mets-vins-gibier","8":"pa_accord-mets-vins-viande-rouge","9":"pa_alcool-146","10":"pa_aoc-pomerol","11":"pa_couleur-rouge","12":"pa_millesime-93","13":"pa_rayon-vins-grands-crus-classes","14":"pa_region-bordeaux","15":"pa_type-de-repas-diner-aux-chandelles","16":"pa_type-de-repas-diner-daffaire","17":"pa_type-de-repas-repas-de-famille","18":"pa_type-de-repas-repas-de-fete","19":"pa_volume-75-cl","21":"first","22":"outofstock","23":"taxable","24":"shipping-taxable","25":"purchasable","26":"product-type-simple"},"acf":[],"_links":{"self":[{"href":"https:\/\/www.clic-vin.com\/en\/wp-json\/wp\/v2\/product\/2540","targetHints":{"allow":["GET"]}}],"collection":[{"href":"https:\/\/www.clic-vin.com\/en\/wp-json\/wp\/v2\/product"}],"about":[{"href":"https:\/\/www.clic-vin.com\/en\/wp-json\/wp\/v2\/types\/product"}],"replies":[{"embeddable":true,"href":"https:\/\/www.clic-vin.com\/en\/wp-json\/wp\/v2\/comments?post=2540"}],"wp:featuredmedia":[{"embeddable":true,"href":"https:\/\/www.clic-vin.com\/en\/wp-json\/wp\/v2\/media\/3354"}],"wp:attachment":[{"href":"https:\/\/www.clic-vin.com\/en\/wp-json\/wp\/v2\/media?parent=2540"}],"wp:term":[{"taxonomy":"product_brand","embeddable":true,"href":"https:\/\/www.clic-vin.com\/en\/wp-json\/wp\/v2\/product_brand?post=2540"},{"taxonomy":"product_cat","embeddable":true,"href":"https:\/\/www.clic-vin.com\/en\/wp-json\/wp\/v2\/product_cat?post=2540"},{"taxonomy":"product_tag","embeddable":true,"href":"https:\/\/www.clic-vin.com\/en\/wp-json\/wp\/v2\/product_tag?post=2540"}],"curies":[{"name":"wp","href":"https:\/\/api.w.org\/{rel}","templated":true}]}}