{"id":2615,"date":"2020-06-10T16:21:44","date_gmt":"2020-06-10T15:21:44","guid":{"rendered":"https:\/\/www.clic-vin.com\/produit\/chateau-lafon-rochet-2015\/"},"modified":"2025-12-12T15:40:05","modified_gmt":"2025-12-12T14:40:05","slug":"chateau-lafon-rochet-2015","status":"publish","type":"product","link":"https:\/\/www.clic-vin.com\/en\/produit\/chateau-lafon-rochet-2015\/","title":{"rendered":"CHATEAU LAFON ROCHET, 2015"},"content":{"rendered":"<p><\/p>\n<p style=\"text-align: justify;\">Ch\u00e2teau Lafon-Rochet, Grand Cru Class\u00e9 of the M\u00e9doc, is located in Saint-Est\u00e8phe appellation . The Chateau stretches over 45 hectares of vines planted with Cabernet Sauvignon, Merlot, Cabernet Franc and Petit Verdot. The Chateau is owned by the Tesseron family who previously had a career in the Cognac trade and also own Ch\u00e2teau Pontet-Canet.<br \/>\nPurchased by Guy Tesseron in the 1960s, it was the first M\u00e9doc chateau to be rebuilt in the 20th century<\/p>\n<p><\/p>","protected":false},"excerpt":{"rendered":"<p>Ch\u00e2teau Lafon-Rochet, Grand Cru Class\u00e9 of the M\u00e9doc, is located in Saint-Est\u00e8phe appellation . The Chateau stretches over 45 hectares [&hellip;]<\/p>\n","protected":false},"featured_media":2913,"comment_status":"open","ping_status":"closed","template":"","meta":{"_acf_changed":false,"_seopress_robots_primary_cat":"","_seopress_titles_title":"Ch\u00e2teau Lafon Rochet 2015 Rouge | Achat vin | Clic-vin","_seopress_titles_desc":"Acheter vin Ch\u00e2teau Lafon Rochet Rouge 2015 au meilleur prix sur %%sitename%%","_seopress_robots_index":"yes"},"product_brand":[],"product_cat":[156,46],"product_tag":[],"class_list":{"0":"post-2615","1":"product","2":"type-product","3":"status-publish","4":"has-post-thumbnail","6":"product_cat-idees-cadeaux","7":"product_cat-rouge","8":"pa_accord-mets-vins-gibier","9":"pa_accord-mets-vins-viande-rouge","10":"pa_alcool-146","11":"pa_aoc-saint-estephe","12":"pa_couleur-rouge","13":"pa_millesime-61","14":"pa_rayon-vins-grands-crus-classes","15":"pa_region-bordeaux","16":"pa_type-de-repas-diner-aux-chandelles","17":"pa_type-de-repas-diner-daffaire","18":"pa_type-de-repas-repas-de-famille","19":"pa_type-de-repas-repas-de-fete","20":"pa_volume-75-cl","22":"first","23":"instock","24":"taxable","25":"shipping-taxable","26":"purchasable","27":"product-type-simple"},"acf":[],"_links":{"self":[{"href":"https:\/\/www.clic-vin.com\/en\/wp-json\/wp\/v2\/product\/2615","targetHints":{"allow":["GET"]}}],"collection":[{"href":"https:\/\/www.clic-vin.com\/en\/wp-json\/wp\/v2\/product"}],"about":[{"href":"https:\/\/www.clic-vin.com\/en\/wp-json\/wp\/v2\/types\/product"}],"replies":[{"embeddable":true,"href":"https:\/\/www.clic-vin.com\/en\/wp-json\/wp\/v2\/comments?post=2615"}],"wp:featuredmedia":[{"embeddable":true,"href":"https:\/\/www.clic-vin.com\/en\/wp-json\/wp\/v2\/media\/2913"}],"wp:attachment":[{"href":"https:\/\/www.clic-vin.com\/en\/wp-json\/wp\/v2\/media?parent=2615"}],"wp:term":[{"taxonomy":"product_brand","embeddable":true,"href":"https:\/\/www.clic-vin.com\/en\/wp-json\/wp\/v2\/product_brand?post=2615"},{"taxonomy":"product_cat","embeddable":true,"href":"https:\/\/www.clic-vin.com\/en\/wp-json\/wp\/v2\/product_cat?post=2615"},{"taxonomy":"product_tag","embeddable":true,"href":"https:\/\/www.clic-vin.com\/en\/wp-json\/wp\/v2\/product_tag?post=2615"}],"curies":[{"name":"wp","href":"https:\/\/api.w.org\/{rel}","templated":true}]}}