{"id":2619,"date":"2020-06-10T16:21:44","date_gmt":"2020-06-10T15:21:44","guid":{"rendered":"https:\/\/www.clic-vin.com\/produit\/chateau-phelan-segur-2014\/"},"modified":"2026-02-08T20:00:05","modified_gmt":"2026-02-08T19:00:05","slug":"chateau-phelan-segur-2014","status":"publish","type":"product","link":"https:\/\/www.clic-vin.com\/en\/produit\/chateau-phelan-segur-2014\/","title":{"rendered":"CHATEAU PHELAN SEGUR, 2014"},"content":{"rendered":"<p><\/p>\n<p style=\"text-align: justify;\">The vineyard of Ch\u00e2teau Ph\u00e9lan S\u00e9gur covers 70 hectares of magnificent clay-gravels on the hillocks and plateaux of Saint-Est\u00e8phe. <br \/>\nIrish origins, four families and more than two centuries of passion, respect for the terroir and innovation in the service of a great name.<br \/>\nAfter more than thirty years in charge of the property, the Gardinier family has decided to pass on the reins to Philippe Van de Vyvere. For this great wine enthusiast, taking over this prestigious growth is the fulfilment of one of his most cherished Dreams.<\/p>\n<p><\/p>","protected":false},"excerpt":{"rendered":"<p>The vineyard of Ch\u00e2teau Ph\u00e9lan S\u00e9gur covers 70 hectares of magnificent clay-gravels on the hillocks and plateaux of Saint-Est\u00e8phe. Irish [&hellip;]<\/p>\n","protected":false},"featured_media":3381,"comment_status":"open","ping_status":"closed","template":"","meta":{"_acf_changed":false,"_seopress_robots_primary_cat":"","_seopress_titles_title":"Ch\u00e2teau Phelan Segur 2014 Rouge | Achat vin | Clic-vin","_seopress_titles_desc":"Achat vin Ch\u00e2teau Phelan Segur Rouge 2014 au meilleur prix sur %%sitename%%","_seopress_robots_index":"yes"},"product_brand":[],"product_cat":[156,46],"product_tag":[],"class_list":{"0":"post-2619","1":"product","2":"type-product","3":"status-publish","4":"has-post-thumbnail","6":"product_cat-idees-cadeaux","7":"product_cat-rouge","8":"pa_accord-mets-vins-gibier","9":"pa_accord-mets-vins-viande-rouge","10":"pa_alcool-146","11":"pa_aoc-saint-estephe","12":"pa_couleur-rouge","13":"pa_millesime-60","14":"pa_rayon-vins-grands-crus-classes","15":"pa_region-bordeaux","16":"pa_type-de-repas-diner-aux-chandelles","17":"pa_type-de-repas-diner-daffaire","18":"pa_type-de-repas-repas-de-famille","19":"pa_type-de-repas-repas-de-fete","20":"pa_type-de-repas-repas-entre-amis","21":"pa_type-de-repas-soiree-entre-copines","22":"pa_volume-75-cl","24":"first","25":"instock","26":"taxable","27":"shipping-taxable","28":"purchasable","29":"product-type-simple"},"acf":[],"_links":{"self":[{"href":"https:\/\/www.clic-vin.com\/en\/wp-json\/wp\/v2\/product\/2619","targetHints":{"allow":["GET"]}}],"collection":[{"href":"https:\/\/www.clic-vin.com\/en\/wp-json\/wp\/v2\/product"}],"about":[{"href":"https:\/\/www.clic-vin.com\/en\/wp-json\/wp\/v2\/types\/product"}],"replies":[{"embeddable":true,"href":"https:\/\/www.clic-vin.com\/en\/wp-json\/wp\/v2\/comments?post=2619"}],"wp:featuredmedia":[{"embeddable":true,"href":"https:\/\/www.clic-vin.com\/en\/wp-json\/wp\/v2\/media\/3381"}],"wp:attachment":[{"href":"https:\/\/www.clic-vin.com\/en\/wp-json\/wp\/v2\/media?parent=2619"}],"wp:term":[{"taxonomy":"product_brand","embeddable":true,"href":"https:\/\/www.clic-vin.com\/en\/wp-json\/wp\/v2\/product_brand?post=2619"},{"taxonomy":"product_cat","embeddable":true,"href":"https:\/\/www.clic-vin.com\/en\/wp-json\/wp\/v2\/product_cat?post=2619"},{"taxonomy":"product_tag","embeddable":true,"href":"https:\/\/www.clic-vin.com\/en\/wp-json\/wp\/v2\/product_tag?post=2619"}],"curies":[{"name":"wp","href":"https:\/\/api.w.org\/{rel}","templated":true}]}}