{"id":2677,"date":"2020-06-10T16:21:44","date_gmt":"2020-06-10T15:21:44","guid":{"rendered":"https:\/\/www.clic-vin.com\/produit\/tour-de-ripeau-2015\/"},"modified":"2025-09-11T13:00:20","modified_gmt":"2025-09-11T12:00:20","slug":"tour-de-ripeau-2015","status":"publish","type":"product","link":"https:\/\/www.clic-vin.com\/en\/produit\/tour-de-ripeau-2015\/","title":{"rendered":"TOUR DE RIPEAU 2015"},"content":{"rendered":"<p><\/p>\n<p style=\"text-align: justify;\">Tour de Ripeau is the second lable wine produced by Ch\u00e2teau Ripeau, Grand Cru Class\u00e9 Saint Emilion since 1955. The vineyard of Ch\u00e2teau Ripeau extends in one piece on more than 16 hectares. Its neighbors are prestigious castles such as Cheval Blanc, Figeac, La Dominique, Jean Faure and Corbin castles. At the heart of the vineyards, on the high point of the northwestern plateau of Saint-Emilion, and bordering the appellation Pomerol, the house and its farm are building next to a 1.5-hectare park. It is here that the Gr\u00e9goire family has chosen to invest since 2015 and live Cyrille Gr\u00e9goire, his wife Peggy, and their two children.<\/p>\n<p><\/p>","protected":false},"excerpt":{"rendered":"<p>Tour de Ripeau is the second lable wine produced by Ch\u00e2teau Ripeau, Grand Cru Class\u00e9 Saint Emilion since 1955. The [&hellip;]<\/p>\n","protected":false},"featured_media":3449,"comment_status":"open","ping_status":"closed","template":"","meta":{"_acf_changed":false,"_seopress_robots_primary_cat":"","_seopress_titles_title":"","_seopress_titles_desc":"","_seopress_robots_index":""},"product_brand":[],"product_cat":[156,46],"product_tag":[],"class_list":{"0":"post-2677","1":"product","2":"type-product","3":"status-publish","4":"has-post-thumbnail","6":"product_cat-idees-cadeaux","7":"product_cat-rouge","8":"pa_accord-mets-vins-gibier","9":"pa_accord-mets-vins-viande-rouge","10":"pa_alcool-142","11":"pa_aoc-saint-emilion-grand-cru","12":"pa_couleur-rouge","13":"pa_millesime-61","14":"pa_rayon-vins-negoce","15":"pa_region-bordeaux","16":"pa_type-de-repas-diner-aux-chandelles","17":"pa_type-de-repas-diner-daffaire","18":"pa_type-de-repas-repas-de-famille","19":"pa_type-de-repas-repas-de-fete","20":"pa_type-de-repas-repas-entre-amis","21":"pa_type-de-repas-soiree-entre-copines","22":"pa_volume-75-cl","24":"first","25":"outofstock","26":"taxable","27":"shipping-taxable","28":"purchasable","29":"product-type-simple"},"acf":[],"_links":{"self":[{"href":"https:\/\/www.clic-vin.com\/en\/wp-json\/wp\/v2\/product\/2677","targetHints":{"allow":["GET"]}}],"collection":[{"href":"https:\/\/www.clic-vin.com\/en\/wp-json\/wp\/v2\/product"}],"about":[{"href":"https:\/\/www.clic-vin.com\/en\/wp-json\/wp\/v2\/types\/product"}],"replies":[{"embeddable":true,"href":"https:\/\/www.clic-vin.com\/en\/wp-json\/wp\/v2\/comments?post=2677"}],"wp:featuredmedia":[{"embeddable":true,"href":"https:\/\/www.clic-vin.com\/en\/wp-json\/wp\/v2\/media\/3449"}],"wp:attachment":[{"href":"https:\/\/www.clic-vin.com\/en\/wp-json\/wp\/v2\/media?parent=2677"}],"wp:term":[{"taxonomy":"product_brand","embeddable":true,"href":"https:\/\/www.clic-vin.com\/en\/wp-json\/wp\/v2\/product_brand?post=2677"},{"taxonomy":"product_cat","embeddable":true,"href":"https:\/\/www.clic-vin.com\/en\/wp-json\/wp\/v2\/product_cat?post=2677"},{"taxonomy":"product_tag","embeddable":true,"href":"https:\/\/www.clic-vin.com\/en\/wp-json\/wp\/v2\/product_tag?post=2677"}],"curies":[{"name":"wp","href":"https:\/\/api.w.org\/{rel}","templated":true}]}}