{"id":2679,"date":"2020-06-10T16:21:44","date_gmt":"2020-06-10T15:21:44","guid":{"rendered":"https:\/\/www.clic-vin.com\/produit\/chateau-haut-marbuzet-2016\/"},"modified":"2025-09-11T13:00:20","modified_gmt":"2025-09-11T12:00:20","slug":"chateau-haut-marbuzet-2016","status":"publish","type":"product","link":"https:\/\/www.clic-vin.com\/en\/produit\/chateau-haut-marbuzet-2016\/","title":{"rendered":"CHATEAU HAUT MARBUZET 2016"},"content":{"rendered":"<p><\/p>\n<p style=\"text-align: justify;\">Ch\u00e2teau Haut-Marbuzet is located in the Saint-Est\u00e8phe appellation, in the north of the M\u00e9doc.<br \/>\nAlthough its origins go back to the 18th century, the estate only emerged as a leading quality producer from 1952 after Herv\u00e9 Duboscq acquired it. At that moment, the vineyard of Haut-Marbuzet composed of only 7 hectares of vines but with a hard work and a remarkable effort of the Duboscq family, today the vineyard extends to 76 hectares of the southern part of Saint Estephe. Today, his son Henri Duboscq, the winemaker and owner of Haut-Marbuzet, assuring the greatest quality of the wines with a strong character, commonly referred to as a non-official Grand Cru of the Medoc.<\/p>\n<p><\/p>","protected":false},"excerpt":{"rendered":"<p>Ch\u00e2teau Haut-Marbuzet is located in the Saint-Est\u00e8phe appellation, in the north of the M\u00e9doc. Although its origins go back to [&hellip;]<\/p>\n","protected":false},"featured_media":3353,"comment_status":"open","ping_status":"closed","template":"","meta":{"_acf_changed":false,"_seopress_robots_primary_cat":"","_seopress_titles_title":"Ch\u00e2teau Haut-Marbuzet 2016 Rouge | Achat Vin | Clic-vin","_seopress_titles_desc":"Acheter vin Ch\u00e2teau Haut-Marbuzet Rouge 2016 au meilleur prix sur %%sitename%%","_seopress_robots_index":"yes"},"product_brand":[],"product_cat":[156,46],"product_tag":[],"class_list":{"0":"post-2679","1":"product","2":"type-product","3":"status-publish","4":"has-post-thumbnail","6":"product_cat-idees-cadeaux","7":"product_cat-rouge","8":"pa_accord-mets-vins-gibier","9":"pa_accord-mets-vins-viande-rouge","10":"pa_alcool-146","11":"pa_aoc-saint-estephe","12":"pa_couleur-rouge","13":"pa_millesime-27","14":"pa_rayon-vins-grands-crus-classes","15":"pa_region-bordeaux","16":"pa_type-de-repas-diner-aux-chandelles","17":"pa_type-de-repas-diner-daffaire","18":"pa_type-de-repas-repas-de-famille","19":"pa_type-de-repas-repas-de-fete","20":"pa_type-de-repas-repas-entre-amis","21":"pa_volume-75-cl","23":"first","24":"outofstock","25":"taxable","26":"shipping-taxable","27":"purchasable","28":"product-type-simple"},"acf":[],"_links":{"self":[{"href":"https:\/\/www.clic-vin.com\/en\/wp-json\/wp\/v2\/product\/2679","targetHints":{"allow":["GET"]}}],"collection":[{"href":"https:\/\/www.clic-vin.com\/en\/wp-json\/wp\/v2\/product"}],"about":[{"href":"https:\/\/www.clic-vin.com\/en\/wp-json\/wp\/v2\/types\/product"}],"replies":[{"embeddable":true,"href":"https:\/\/www.clic-vin.com\/en\/wp-json\/wp\/v2\/comments?post=2679"}],"wp:featuredmedia":[{"embeddable":true,"href":"https:\/\/www.clic-vin.com\/en\/wp-json\/wp\/v2\/media\/3353"}],"wp:attachment":[{"href":"https:\/\/www.clic-vin.com\/en\/wp-json\/wp\/v2\/media?parent=2679"}],"wp:term":[{"taxonomy":"product_brand","embeddable":true,"href":"https:\/\/www.clic-vin.com\/en\/wp-json\/wp\/v2\/product_brand?post=2679"},{"taxonomy":"product_cat","embeddable":true,"href":"https:\/\/www.clic-vin.com\/en\/wp-json\/wp\/v2\/product_cat?post=2679"},{"taxonomy":"product_tag","embeddable":true,"href":"https:\/\/www.clic-vin.com\/en\/wp-json\/wp\/v2\/product_tag?post=2679"}],"curies":[{"name":"wp","href":"https:\/\/api.w.org\/{rel}","templated":true}]}}