{"id":2711,"date":"2020-06-10T16:21:44","date_gmt":"2020-06-10T15:21:44","guid":{"rendered":"https:\/\/www.clic-vin.com\/produit\/gourmandise-de-bel-air-la-royere-2015\/"},"modified":"2025-09-11T13:00:09","modified_gmt":"2025-09-11T12:00:09","slug":"gourmandise-de-bel-air-la-royere-2015","status":"publish","type":"product","link":"https:\/\/www.clic-vin.com\/en\/produit\/gourmandise-de-bel-air-la-royere-2015\/","title":{"rendered":"GOURMANDISE DE BEL AIR LA ROYERE 2015"},"content":{"rendered":"<p><\/p>\n<p style=\"text-align: justify;\">Ch\u00e2teau Bel Air La Roy\u00e8re is located on the Right bank in the village of Cars and produces the wines in the appellation Blaye C\u00f4tes de Bordeaux. The ch\u00e2teau is owned by the Chevrier-Loriaud family, a former cognac producer settled in Charentes. Since 1992 Corinne Chevrier-Loriaud managed to restore the vineyards and to innovate the wine-making with a skilled team comprised entirely of women. As a result of their passion and hard work, an elegant and remarkable wine was born. The wines of Bel Air La Roy\u00e8re are dynamic in taste and reflecting the evolving style and unique regional touch of Blaye.<\/p>\n<p><\/p>","protected":false},"excerpt":{"rendered":"<p>Ch\u00e2teau Bel Air La Roy\u00e8re is located on the Right bank in the village of Cars and produces the wines [&hellip;]<\/p>\n","protected":false},"featured_media":3306,"comment_status":"open","ping_status":"closed","template":"","meta":{"_acf_changed":false,"_seopress_robots_primary_cat":"","_seopress_titles_title":"","_seopress_titles_desc":"","_seopress_robots_index":""},"product_brand":[],"product_cat":[46],"product_tag":[],"class_list":{"0":"post-2711","1":"product","2":"type-product","3":"status-publish","4":"has-post-thumbnail","6":"product_cat-rouge","7":"pa_accord-mets-vins-charcuterie","8":"pa_accord-mets-vins-viande-blanche","9":"pa_accord-mets-vins-viande-rouge","10":"pa_alcool-143","11":"pa_aoc-blaye-cotes-de-bordeaux","12":"pa_couleur-rouge","13":"pa_millesime-61","14":"pa_rayon-vins-negoce","15":"pa_region-bordeaux","16":"pa_type-de-repas-repas-entre-amis","17":"pa_type-de-repas-soiree-entre-copines","18":"pa_volume-75-cl","20":"first","21":"outofstock","22":"taxable","23":"shipping-taxable","24":"purchasable","25":"product-type-simple"},"acf":[],"_links":{"self":[{"href":"https:\/\/www.clic-vin.com\/en\/wp-json\/wp\/v2\/product\/2711","targetHints":{"allow":["GET"]}}],"collection":[{"href":"https:\/\/www.clic-vin.com\/en\/wp-json\/wp\/v2\/product"}],"about":[{"href":"https:\/\/www.clic-vin.com\/en\/wp-json\/wp\/v2\/types\/product"}],"replies":[{"embeddable":true,"href":"https:\/\/www.clic-vin.com\/en\/wp-json\/wp\/v2\/comments?post=2711"}],"wp:featuredmedia":[{"embeddable":true,"href":"https:\/\/www.clic-vin.com\/en\/wp-json\/wp\/v2\/media\/3306"}],"wp:attachment":[{"href":"https:\/\/www.clic-vin.com\/en\/wp-json\/wp\/v2\/media?parent=2711"}],"wp:term":[{"taxonomy":"product_brand","embeddable":true,"href":"https:\/\/www.clic-vin.com\/en\/wp-json\/wp\/v2\/product_brand?post=2711"},{"taxonomy":"product_cat","embeddable":true,"href":"https:\/\/www.clic-vin.com\/en\/wp-json\/wp\/v2\/product_cat?post=2711"},{"taxonomy":"product_tag","embeddable":true,"href":"https:\/\/www.clic-vin.com\/en\/wp-json\/wp\/v2\/product_tag?post=2711"}],"curies":[{"name":"wp","href":"https:\/\/api.w.org\/{rel}","templated":true}]}}