{"id":2713,"date":"2020-06-10T16:21:44","date_gmt":"2020-06-10T15:21:44","guid":{"rendered":"https:\/\/www.clic-vin.com\/produit\/r-de-rieussec-2017\/"},"modified":"2025-12-16T12:40:05","modified_gmt":"2025-12-16T11:40:05","slug":"r-de-rieussec-2017","status":"publish","type":"product","link":"https:\/\/www.clic-vin.com\/en\/produit\/r-de-rieussec-2017\/","title":{"rendered":"R DE RIEUSSEC 2017"},"content":{"rendered":"<p><\/p>\n<p style=\"text-align: justify;\">In the 18th century, the Rieussec estate belonged to the Carmelite monks in Langon. The confiscation of the estate during the revolution led to its public sale around 1790 as a \u201cobject of national heritage\u201d to Mr. Marheilhac, owner at that time of Ch\u00e2teau La Louvi\u00e8re in L\u00e9ognan.<br \/>\nFor the 1855 classification, M. Mayne was the owner of the estate. The quality of the Rieussec soil earned its ranking as a first growth Sauternes and Barsac. After that date, Rieussec\u2019s history involves many changes of owners.<br \/>\nCh\u00e2teau Rieussec was acquired by Domaines Barons de Rothschild (Lafite) in 1984. The estate then consisted of 110 hectares, 68 hectares of which were vines. To enhance Ch\u00e2teau Rieussec\u2019s potential, rigorous measures were implemented, including meticulous sorting of the grapes and fermenting in barrels, which provides a much finer selection for the blending of the Grand Vin.<br \/>\n\u201cR\u201d de Rieussec is a dry white wine produced on the Ch\u00e2teau Rieussec estate. 20% of fermentation takes place in barrels. This technique enhances the wine\u2019s potential to age, while preserving its freshness and the natural fruitiness from the grapes.<\/p>\n<p><\/p>","protected":false},"excerpt":{"rendered":"<p>In the 18th century, the Rieussec estate belonged to the Carmelite monks in Langon. The confiscation of the estate during [&hellip;]<\/p>\n","protected":false},"featured_media":3445,"comment_status":"open","ping_status":"closed","template":"","meta":{"_acf_changed":false,"_seopress_robots_primary_cat":"","_seopress_titles_title":"","_seopress_titles_desc":"","_seopress_robots_index":""},"product_brand":[],"product_cat":[23,156],"product_tag":[],"class_list":{"0":"post-2713","1":"product","2":"type-product","3":"status-publish","4":"has-post-thumbnail","6":"product_cat-blanc","7":"product_cat-idees-cadeaux","8":"pa_accord-mets-vins-dessert","9":"pa_accord-mets-vins-foie-gras","10":"pa_accord-mets-vins-fromages","11":"pa_alcool-143","12":"pa_aoc-bordeaux-blanc","13":"pa_couleur-blanc","14":"pa_millesime-74","15":"pa_rayon-vins-negoce","16":"pa_region-bordeaux","17":"pa_type-de-repas-aperitif","18":"pa_type-de-repas-diner-aux-chandelles","19":"pa_type-de-repas-soiree-entre-copines","20":"pa_volume-75-cl","22":"first","23":"instock","24":"sale","25":"taxable","26":"shipping-taxable","27":"purchasable","28":"product-type-simple"},"acf":[],"_links":{"self":[{"href":"https:\/\/www.clic-vin.com\/en\/wp-json\/wp\/v2\/product\/2713","targetHints":{"allow":["GET"]}}],"collection":[{"href":"https:\/\/www.clic-vin.com\/en\/wp-json\/wp\/v2\/product"}],"about":[{"href":"https:\/\/www.clic-vin.com\/en\/wp-json\/wp\/v2\/types\/product"}],"replies":[{"embeddable":true,"href":"https:\/\/www.clic-vin.com\/en\/wp-json\/wp\/v2\/comments?post=2713"}],"wp:featuredmedia":[{"embeddable":true,"href":"https:\/\/www.clic-vin.com\/en\/wp-json\/wp\/v2\/media\/3445"}],"wp:attachment":[{"href":"https:\/\/www.clic-vin.com\/en\/wp-json\/wp\/v2\/media?parent=2713"}],"wp:term":[{"taxonomy":"product_brand","embeddable":true,"href":"https:\/\/www.clic-vin.com\/en\/wp-json\/wp\/v2\/product_brand?post=2713"},{"taxonomy":"product_cat","embeddable":true,"href":"https:\/\/www.clic-vin.com\/en\/wp-json\/wp\/v2\/product_cat?post=2713"},{"taxonomy":"product_tag","embeddable":true,"href":"https:\/\/www.clic-vin.com\/en\/wp-json\/wp\/v2\/product_tag?post=2713"}],"curies":[{"name":"wp","href":"https:\/\/api.w.org\/{rel}","templated":true}]}}