{"id":3086,"date":"2020-09-15T09:12:14","date_gmt":"2020-09-15T08:12:14","guid":{"rendered":"https:\/\/www.clic-vin.com\/?post_type=product&#038;p=3086"},"modified":"2025-09-11T13:00:22","modified_gmt":"2025-09-11T12:00:22","slug":"chateau-mauvesin-barton-2016","status":"publish","type":"product","link":"https:\/\/www.clic-vin.com\/en\/produit\/chateau-mauvesin-barton-2016\/","title":{"rendered":"CHATEAU MAUVESIN-BARTON, 2016"},"content":{"rendered":"<p><\/p>\n<p style=\"text-align: justify;\">In 1853, the last Marquis of Mauvesin, Lodo\u00efs Le Blanc de Mauvesin, commissioned the construction of the Ch\u00e2teau as we know it today. Following the sound advice of the architect Perrier, the Ch\u00e2teau was to be built in the Louis XIII style, made up of &#8221; two pavilions and two towers, combining elegance and solidity. A magnificent garden stretches in front of the fa\u00e7ade, with a water feature and a beautiful collection of conifers.&#8221;<br \/>\nIn 1884, the Marquis Lodo\u00efs Le Blanc de Mauvesin passed away leaving no descendants. It was thus his cousin, Hippolyte de Baritault du Carpia, who inherited the estate. The Baritault family kept the Ch\u00e2teau for four generations.<br \/>\nIn 2011, the Viscount Alain de Baritault du Carpia sold the property to Lilian and Michel Barton Sartorius, the proud owners of Grands Cru Class\u00e9s &#8211; Langoa and L\u00e9oville Barton in Saint Julien. The domaine&#8217;s name was modified to Ch\u00e2teau Mauvesin Barton.<br \/>\nThis 220-hectare estate, of which 55 hectares are under vine, has undergone extensive renovation. The unique essence of the Ch\u00e2teau has, however, remained totally unscathed.<\/p>\n<p><\/p>","protected":false},"excerpt":{"rendered":"<p>In 1853, the last Marquis of Mauvesin, Lodo\u00efs Le Blanc de Mauvesin, commissioned the construction of the Ch\u00e2teau as we [&hellip;]<\/p>\n","protected":false},"featured_media":3376,"comment_status":"open","ping_status":"closed","template":"","meta":{"_acf_changed":false,"_seopress_robots_primary_cat":"","_seopress_titles_title":"Ch\u00e2teau Mauvesin-Barton 2016 Rouge | Achat vin | Clic-vin","_seopress_titles_desc":"Achat vin Ch\u00e2teau Mauvesin-Barton Rouge 2016 au meilleur prix sur %%sitename%%","_seopress_robots_index":""},"product_brand":[],"product_cat":[156,46],"product_tag":[],"class_list":{"0":"post-3086","1":"product","2":"type-product","3":"status-publish","4":"has-post-thumbnail","6":"product_cat-idees-cadeaux","7":"product_cat-rouge","8":"pa_accord-mets-vins-charcuterie","9":"pa_accord-mets-vins-gibier","10":"pa_accord-mets-vins-viande-blanche","11":"pa_accord-mets-vins-viande-rouge","12":"pa_alcool-146","13":"pa_aoc-moulis","14":"pa_couleur-rouge","15":"pa_millesime-27","16":"pa_rayon-vins-negoce","17":"pa_region-bordeaux","18":"pa_type-de-repas-repas-entre-amis","19":"pa_volume-75-cl","21":"first","22":"outofstock","23":"taxable","24":"shipping-taxable","25":"purchasable","26":"product-type-simple"},"acf":[],"_links":{"self":[{"href":"https:\/\/www.clic-vin.com\/en\/wp-json\/wp\/v2\/product\/3086","targetHints":{"allow":["GET"]}}],"collection":[{"href":"https:\/\/www.clic-vin.com\/en\/wp-json\/wp\/v2\/product"}],"about":[{"href":"https:\/\/www.clic-vin.com\/en\/wp-json\/wp\/v2\/types\/product"}],"replies":[{"embeddable":true,"href":"https:\/\/www.clic-vin.com\/en\/wp-json\/wp\/v2\/comments?post=3086"}],"wp:featuredmedia":[{"embeddable":true,"href":"https:\/\/www.clic-vin.com\/en\/wp-json\/wp\/v2\/media\/3376"}],"wp:attachment":[{"href":"https:\/\/www.clic-vin.com\/en\/wp-json\/wp\/v2\/media?parent=3086"}],"wp:term":[{"taxonomy":"product_brand","embeddable":true,"href":"https:\/\/www.clic-vin.com\/en\/wp-json\/wp\/v2\/product_brand?post=3086"},{"taxonomy":"product_cat","embeddable":true,"href":"https:\/\/www.clic-vin.com\/en\/wp-json\/wp\/v2\/product_cat?post=3086"},{"taxonomy":"product_tag","embeddable":true,"href":"https:\/\/www.clic-vin.com\/en\/wp-json\/wp\/v2\/product_tag?post=3086"}],"curies":[{"name":"wp","href":"https:\/\/api.w.org\/{rel}","templated":true}]}}