{"id":3087,"date":"2020-09-15T09:57:53","date_gmt":"2020-09-15T08:57:53","guid":{"rendered":"https:\/\/www.clic-vin.com\/?post_type=product&#038;p=3087"},"modified":"2025-09-11T13:00:22","modified_gmt":"2025-09-11T12:00:22","slug":"chateau-de-france-2018","status":"publish","type":"product","link":"https:\/\/www.clic-vin.com\/en\/produit\/chateau-de-france-2018\/","title":{"rendered":"CHATEAU DE FRANCE BLANC 2018"},"content":{"rendered":"<p><\/p>\n<p>Ch\u00e2teau de France qui a \u00e9t\u00e9 \u00e9difi\u00e9 sur les fondations d\u2019un ancien manoir dont il conserve la belle cave vo\u00fbt\u00e9e. Le Ch\u00e2teau a conserv\u00e9 le nom du lieu-dit sur lequel il fut \u00e9difi\u00e9. A la fin du XIX, le ch\u00e2teau de France commence \u00e0 acqu\u00e9rir de la notori\u00e9t\u00e9 et est enfin cit\u00e9 dans les \u00e9ditions F\u00e9ret. Au XX\u00b0 Si\u00e8cle, ce domaine restera malheureusement un peu \u00e0 l\u2019\u00e9cart, avant de conna\u00eetre un vrai renouveau en 1971 gr\u00e2ce \u00e0 son acquisition par Bernard Thomassin. De cette rencontre avec le vin, na\u00eet une v\u00e9ritable passion. Son fils Arnaud s\u2019attache d\u00e9sormais \u00e0 un unique objectif : restaurer le Domaine du Ch\u00e2teau de France pour donner \u00e0 ce grand vin une qualit\u00e9 et une r\u00e9putation \u00e0 la mesure du prestige de l\u2019appellation.<\/p>\n<p><\/p>","protected":false},"excerpt":{"rendered":"<p>Ch\u00e2teau de France qui a \u00e9t\u00e9 \u00e9difi\u00e9 sur les fondations d\u2019un ancien manoir dont il conserve la belle cave vo\u00fbt\u00e9e. [&hellip;]<\/p>\n","protected":false},"featured_media":3337,"comment_status":"open","ping_status":"closed","template":"","meta":{"_acf_changed":false,"_seopress_robots_primary_cat":"","_seopress_titles_title":"Ch\u00e2teau de France 2018 Blanc | Achat vin | Clic-vin","_seopress_titles_desc":"Achat vin Ch\u00e2teau de France Blanc 2018 au meilleur prix sur %%sitename%%","_seopress_robots_index":""},"product_brand":[],"product_cat":[23,156],"product_tag":[],"class_list":{"0":"post-3087","1":"product","2":"type-product","3":"status-publish","4":"has-post-thumbnail","6":"product_cat-blanc","7":"product_cat-idees-cadeaux","8":"pa_accord-mets-vins-coquillages-et-crustaces","9":"pa_accord-mets-vins-fromages","10":"pa_accord-mets-vins-poisson","11":"pa_alcool-143","12":"pa_aoc-pessac-leognan-blanc","13":"pa_couleur-blanc","14":"pa_millesime-40","15":"pa_rayon-vins-negoce","16":"pa_region-bordeaux","17":"pa_type-de-repas-diner-aux-chandelles","18":"pa_type-de-repas-diner-daffaire","19":"pa_type-de-repas-repas-de-famille","20":"pa_type-de-repas-repas-de-fete","21":"pa_type-de-repas-repas-entre-amis","22":"pa_volume-75-cl","24":"first","25":"outofstock","26":"taxable","27":"shipping-taxable","28":"purchasable","29":"product-type-simple"},"acf":[],"_links":{"self":[{"href":"https:\/\/www.clic-vin.com\/en\/wp-json\/wp\/v2\/product\/3087","targetHints":{"allow":["GET"]}}],"collection":[{"href":"https:\/\/www.clic-vin.com\/en\/wp-json\/wp\/v2\/product"}],"about":[{"href":"https:\/\/www.clic-vin.com\/en\/wp-json\/wp\/v2\/types\/product"}],"replies":[{"embeddable":true,"href":"https:\/\/www.clic-vin.com\/en\/wp-json\/wp\/v2\/comments?post=3087"}],"wp:featuredmedia":[{"embeddable":true,"href":"https:\/\/www.clic-vin.com\/en\/wp-json\/wp\/v2\/media\/3337"}],"wp:attachment":[{"href":"https:\/\/www.clic-vin.com\/en\/wp-json\/wp\/v2\/media?parent=3087"}],"wp:term":[{"taxonomy":"product_brand","embeddable":true,"href":"https:\/\/www.clic-vin.com\/en\/wp-json\/wp\/v2\/product_brand?post=3087"},{"taxonomy":"product_cat","embeddable":true,"href":"https:\/\/www.clic-vin.com\/en\/wp-json\/wp\/v2\/product_cat?post=3087"},{"taxonomy":"product_tag","embeddable":true,"href":"https:\/\/www.clic-vin.com\/en\/wp-json\/wp\/v2\/product_tag?post=3087"}],"curies":[{"name":"wp","href":"https:\/\/api.w.org\/{rel}","templated":true}]}}