{"id":3092,"date":"2020-09-15T14:58:09","date_gmt":"2020-09-15T13:58:09","guid":{"rendered":"https:\/\/www.clic-vin.com\/?post_type=product&#038;p=3092"},"modified":"2025-09-11T13:00:22","modified_gmt":"2025-09-11T12:00:22","slug":"chateau-sicot-belair-2018","status":"publish","type":"product","link":"https:\/\/www.clic-vin.com\/en\/produit\/chateau-sicot-belair-2018\/","title":{"rendered":"CHATEAU SICOT BELAIR 2018"},"content":{"rendered":"<p><\/p>\n<p style=\"text-align: justify;\">Le Ch\u00e2teau Sicot Belair est situ\u00e9 au Nord du Libournais, voisin de grandes appellations telles que Fronsac ou Lalande de Pomerol.<\/p>\n<p style=\"text-align: justify;\">Cette exploitation appartient \u00e0 la famille Bellot depuis 1925 et trois g\u00e9n\u00e9rations se sont succ\u00e9d\u00e9es au service d&#8217;une \u00e9volution constante de la qualit\u00e9, tant du vignoble que de la vinification.<\/p>\n<p><\/p>","protected":false},"excerpt":{"rendered":"<p>Le Ch\u00e2teau Sicot Belair est situ\u00e9 au Nord du Libournais, voisin de grandes appellations telles que Fronsac ou Lalande de [&hellip;]<\/p>\n","protected":false},"featured_media":3391,"comment_status":"open","ping_status":"closed","template":"","meta":{"_acf_changed":false,"_seopress_robots_primary_cat":"","_seopress_titles_title":"Ch\u00e2teau Sicot Belair Rouge 2018 | Achat vin | Clic-vin","_seopress_titles_desc":"Achat vin Ch\u00e2teau Sicot Belair Rouge 2018 au meilleur prix sur %%sitename%%","_seopress_robots_index":""},"product_brand":[],"product_cat":[46],"product_tag":[],"class_list":{"0":"post-3092","1":"product","2":"type-product","3":"status-publish","4":"has-post-thumbnail","6":"product_cat-rouge","7":"pa_accord-mets-vins-charcuterie","8":"pa_accord-mets-vins-viande-blanche","9":"pa_accord-mets-vins-viande-rouge","10":"pa_alcool-146","11":"pa_aoc-bordeaux-rouge","12":"pa_couleur-rouge","13":"pa_millesime-40","14":"pa_rayon-vins-negoce","15":"pa_region-bordeaux","16":"pa_type-de-repas-barbecue","17":"pa_type-de-repas-pique-nique","18":"pa_type-de-repas-soiree-pizza","19":"pa_volume-75-cl","21":"first","22":"outofstock","23":"taxable","24":"shipping-taxable","25":"purchasable","26":"product-type-simple"},"acf":[],"_links":{"self":[{"href":"https:\/\/www.clic-vin.com\/en\/wp-json\/wp\/v2\/product\/3092","targetHints":{"allow":["GET"]}}],"collection":[{"href":"https:\/\/www.clic-vin.com\/en\/wp-json\/wp\/v2\/product"}],"about":[{"href":"https:\/\/www.clic-vin.com\/en\/wp-json\/wp\/v2\/types\/product"}],"replies":[{"embeddable":true,"href":"https:\/\/www.clic-vin.com\/en\/wp-json\/wp\/v2\/comments?post=3092"}],"wp:featuredmedia":[{"embeddable":true,"href":"https:\/\/www.clic-vin.com\/en\/wp-json\/wp\/v2\/media\/3391"}],"wp:attachment":[{"href":"https:\/\/www.clic-vin.com\/en\/wp-json\/wp\/v2\/media?parent=3092"}],"wp:term":[{"taxonomy":"product_brand","embeddable":true,"href":"https:\/\/www.clic-vin.com\/en\/wp-json\/wp\/v2\/product_brand?post=3092"},{"taxonomy":"product_cat","embeddable":true,"href":"https:\/\/www.clic-vin.com\/en\/wp-json\/wp\/v2\/product_cat?post=3092"},{"taxonomy":"product_tag","embeddable":true,"href":"https:\/\/www.clic-vin.com\/en\/wp-json\/wp\/v2\/product_tag?post=3092"}],"curies":[{"name":"wp","href":"https:\/\/api.w.org\/{rel}","templated":true}]}}