{"id":3121,"date":"2020-09-17T14:18:47","date_gmt":"2020-09-17T13:18:47","guid":{"rendered":"https:\/\/www.clic-vin.com\/?post_type=product&#038;p=3121"},"modified":"2025-10-09T10:40:07","modified_gmt":"2025-10-09T09:40:07","slug":"chateau-le-thys-2018","status":"publish","type":"product","link":"https:\/\/www.clic-vin.com\/en\/produit\/chateau-le-thys-2018\/","title":{"rendered":"CHATEAU LE THYS 2018"},"content":{"rendered":"<p><\/p>\n<p style=\"text-align: justify;\">Belonging to the Fournier-Cast\u00e9ja Family, the vineyard of Chateau Le Thys lies in the south of Bordeaux, in Entre-deux-Mers area, and lies on the hillsides overlooking the Garonne river.<br \/>\nIn 1989 the vineyard was taken over by Eric Fournier (ex-owner of Ch\u00e2teau Canon Grand Cru Class\u00e9 of Saint Emilion) and H\u00e9l\u00e8ne Cast\u00e9ja (wine merchant company Joanne). Since 2014 Ch\u00e2teau Le Thys belongs to a chinese hotel group New Mercury however is still managed by Arthur Fournier, the son of the Fournier-Cast\u00e9ja family.<\/p>\n<p><\/p>","protected":false},"excerpt":{"rendered":"<p>Belonging to the Fournier-Cast\u00e9ja Family, the vineyard of Chateau Le Thys lies in the south of Bordeaux, in Entre-deux-Mers area, [&hellip;]<\/p>\n","protected":false},"featured_media":3372,"comment_status":"open","ping_status":"closed","template":"","meta":{"_acf_changed":false,"_seopress_robots_primary_cat":"","_seopress_titles_title":"Ch\u00e2teau le Thys 2018 Rouge | Achat vin | Clic-vin.com","_seopress_titles_desc":"Achat vin Ch\u00e2teau le Thys Rouge 2018 au meilleur prix sur %%sitename%%","_seopress_robots_index":""},"product_brand":[],"product_cat":[46],"product_tag":[],"class_list":{"0":"post-3121","1":"product","2":"type-product","3":"status-publish","4":"has-post-thumbnail","6":"product_cat-rouge","7":"pa_accord-mets-vins-charcuterie","8":"pa_accord-mets-vins-viande-blanche","9":"pa_accord-mets-vins-viande-rouge","10":"pa_alcool-146","11":"pa_aoc-cadillac-cotes-de-bordeaux","12":"pa_couleur-rouge","13":"pa_millesime-40","14":"pa_rayon-vins-negoce","15":"pa_region-bordeaux","16":"pa_type-de-repas-repas-entre-amis","17":"pa_volume-75-cl","19":"first","20":"instock","21":"taxable","22":"shipping-taxable","23":"purchasable","24":"product-type-simple"},"acf":[],"_links":{"self":[{"href":"https:\/\/www.clic-vin.com\/en\/wp-json\/wp\/v2\/product\/3121","targetHints":{"allow":["GET"]}}],"collection":[{"href":"https:\/\/www.clic-vin.com\/en\/wp-json\/wp\/v2\/product"}],"about":[{"href":"https:\/\/www.clic-vin.com\/en\/wp-json\/wp\/v2\/types\/product"}],"replies":[{"embeddable":true,"href":"https:\/\/www.clic-vin.com\/en\/wp-json\/wp\/v2\/comments?post=3121"}],"wp:featuredmedia":[{"embeddable":true,"href":"https:\/\/www.clic-vin.com\/en\/wp-json\/wp\/v2\/media\/3372"}],"wp:attachment":[{"href":"https:\/\/www.clic-vin.com\/en\/wp-json\/wp\/v2\/media?parent=3121"}],"wp:term":[{"taxonomy":"product_brand","embeddable":true,"href":"https:\/\/www.clic-vin.com\/en\/wp-json\/wp\/v2\/product_brand?post=3121"},{"taxonomy":"product_cat","embeddable":true,"href":"https:\/\/www.clic-vin.com\/en\/wp-json\/wp\/v2\/product_cat?post=3121"},{"taxonomy":"product_tag","embeddable":true,"href":"https:\/\/www.clic-vin.com\/en\/wp-json\/wp\/v2\/product_tag?post=3121"}],"curies":[{"name":"wp","href":"https:\/\/api.w.org\/{rel}","templated":true}]}}