{"id":3149,"date":"2020-10-01T21:33:49","date_gmt":"2020-10-01T20:33:49","guid":{"rendered":"https:\/\/www.clic-vin.com\/?post_type=product&#038;p=3149"},"modified":"2025-09-11T13:00:24","modified_gmt":"2025-09-11T12:00:24","slug":"chateau-fonreaud-2017","status":"publish","type":"product","link":"https:\/\/www.clic-vin.com\/en\/produit\/chateau-fonreaud-2017\/","title":{"rendered":"CHATEAU FONREAUD 2017"},"content":{"rendered":"<p><\/p>\n<p style=\"text-align: justify;\">\u201cFonr\u00e9aud\u201d, formerly \u201cFont-r\u00e9aux\u201d, means \u201cRoyal Fountain\u201d. Legends say, in the twelfth century, the king of England and the husband of Eleanor d\u2019Aquitaine, stopped at the estate&#8217;s fountain to drink at a fresh spring. The current cellars were built in the seventeenth century, and overhauled over time. The ch\u00e2teau replaced the original farmhouse, when in 1850 Henri Le Blanc de Mauvezin, then owner, decided to build it. In 1962, L\u00e9o Chanfreau, winemaker in Algeria, returned with his family in France and fell in love with Fonr\u00e9aud. Thanks to his enthusiasm the ch\u00e2teau undertook major work, the vineyards have been replanted and the new cellars have been built. Today, Jean et Marie-H\u00e9l\u00e8ne Chanfreau continue taking care of the vineyards and producing with passion quality wines.<\/p>\n<p><\/p>","protected":false},"excerpt":{"rendered":"<p>\u201cFonr\u00e9aud\u201d, formerly \u201cFont-r\u00e9aux\u201d, means \u201cRoyal Fountain\u201d. Legends say, in the twelfth century, the king of England and the husband of [&hellip;]<\/p>\n","protected":false},"featured_media":3346,"comment_status":"open","ping_status":"closed","template":"","meta":{"_acf_changed":false,"_seopress_robots_primary_cat":"","_seopress_titles_title":"Ch\u00e2teau Fonreaud 2017 Rouge | Achat vin | Clic-vin","_seopress_titles_desc":"Achat vin Ch\u00e2teau Fonreaud Rouge 2017 au meilleur prix sur %%sitename%%","_seopress_robots_index":""},"product_brand":[],"product_cat":[46],"product_tag":[],"class_list":{"0":"post-3149","1":"product","2":"type-product","3":"status-publish","4":"has-post-thumbnail","6":"product_cat-rouge","7":"pa_accord-mets-vins-charcuterie","8":"pa_accord-mets-vins-gibier","9":"pa_accord-mets-vins-viande-blanche","10":"pa_accord-mets-vins-viande-rouge","11":"pa_alcool-143","12":"pa_aoc-listrac-medoc","13":"pa_couleur-rouge","14":"pa_millesime-74","15":"pa_rayon-vins-negoce","16":"pa_region-bordeaux","17":"pa_type-de-repas-repas-entre-amis","18":"pa_volume-75-cl","20":"first","21":"outofstock","22":"taxable","23":"shipping-taxable","24":"purchasable","25":"product-type-simple"},"acf":[],"_links":{"self":[{"href":"https:\/\/www.clic-vin.com\/en\/wp-json\/wp\/v2\/product\/3149","targetHints":{"allow":["GET"]}}],"collection":[{"href":"https:\/\/www.clic-vin.com\/en\/wp-json\/wp\/v2\/product"}],"about":[{"href":"https:\/\/www.clic-vin.com\/en\/wp-json\/wp\/v2\/types\/product"}],"replies":[{"embeddable":true,"href":"https:\/\/www.clic-vin.com\/en\/wp-json\/wp\/v2\/comments?post=3149"}],"wp:featuredmedia":[{"embeddable":true,"href":"https:\/\/www.clic-vin.com\/en\/wp-json\/wp\/v2\/media\/3346"}],"wp:attachment":[{"href":"https:\/\/www.clic-vin.com\/en\/wp-json\/wp\/v2\/media?parent=3149"}],"wp:term":[{"taxonomy":"product_brand","embeddable":true,"href":"https:\/\/www.clic-vin.com\/en\/wp-json\/wp\/v2\/product_brand?post=3149"},{"taxonomy":"product_cat","embeddable":true,"href":"https:\/\/www.clic-vin.com\/en\/wp-json\/wp\/v2\/product_cat?post=3149"},{"taxonomy":"product_tag","embeddable":true,"href":"https:\/\/www.clic-vin.com\/en\/wp-json\/wp\/v2\/product_tag?post=3149"}],"curies":[{"name":"wp","href":"https:\/\/api.w.org\/{rel}","templated":true}]}}