{"id":3153,"date":"2020-10-02T15:25:21","date_gmt":"2020-10-02T14:25:21","guid":{"rendered":"https:\/\/www.clic-vin.com\/?post_type=product&#038;p=3153"},"modified":"2025-11-12T17:40:07","modified_gmt":"2025-11-12T16:40:07","slug":"chateau-phelan-segur-2017","status":"publish","type":"product","link":"https:\/\/www.clic-vin.com\/en\/produit\/chateau-phelan-segur-2017\/","title":{"rendered":"CHATEAU PHELAN SEGUR 2017"},"content":{"rendered":"<p><\/p>\n<p>Apr\u00e8s plus de trente ann\u00e9es \u00e0 la t\u00eate de la propri\u00e9t\u00e9, la famille Gardinier a transmis les r\u00eanes du domaine \u00e0 Philippe Van de Vyvere. Ce grand passionn\u00e9 de vins, exauce un de ses r\u00eaves les plus chers en reprenant ce cru prestigieux.<br \/>\n\u00ab Initi\u00e9 d\u00e8s mon plus jeune \u00e2ge par mon grand-p\u00e8re, grand connaisseur et collectionneur des Vins de Bordeaux, je perp\u00e9tue cette tradition familiale\u2026 J\u2019ai eu un r\u00e9el coup de c\u0153ur pour Ch\u00e2teau Ph\u00e9lan S\u00e9gur, magnifique domaine surplombant la Gironde. \u00bb Philippe Van de Vyvere<\/p>\n<p><\/p>","protected":false},"excerpt":{"rendered":"<p>Apr\u00e8s plus de trente ann\u00e9es \u00e0 la t\u00eate de la propri\u00e9t\u00e9, la famille Gardinier a transmis les r\u00eanes du domaine [&hellip;]<\/p>\n","protected":false},"featured_media":3381,"comment_status":"open","ping_status":"closed","template":"","meta":{"_acf_changed":false,"_seopress_robots_primary_cat":"","_seopress_titles_title":"Ch\u00e2teau Phelan Segur 2017 Rouge | Achat vin | Clic-vin","_seopress_titles_desc":"Achat vin Ch\u00e2teau Phelan Segur Rouge 2017 au meilleur prix sur %%sitename%%","_seopress_robots_index":""},"product_brand":[],"product_cat":[46],"product_tag":[],"class_list":{"0":"post-3153","1":"product","2":"type-product","3":"status-publish","4":"has-post-thumbnail","6":"product_cat-rouge","7":"pa_accord-mets-vins-gibier","8":"pa_accord-mets-vins-viande-rouge","9":"pa_alcool-143","10":"pa_aoc-saint-estephe","11":"pa_couleur-rouge","12":"pa_millesime-74","13":"pa_rayon-vins-grands-crus-classes","14":"pa_region-bordeaux","15":"pa_type-de-repas-diner-aux-chandelles","16":"pa_type-de-repas-diner-daffaire","17":"pa_type-de-repas-repas-de-famille","18":"pa_type-de-repas-repas-de-fete","19":"pa_type-de-repas-repas-entre-amis","20":"pa_type-de-repas-soiree-entre-copines","21":"pa_volume-75-cl","23":"first","24":"instock","25":"taxable","26":"shipping-taxable","27":"purchasable","28":"product-type-simple"},"acf":[],"_links":{"self":[{"href":"https:\/\/www.clic-vin.com\/en\/wp-json\/wp\/v2\/product\/3153","targetHints":{"allow":["GET"]}}],"collection":[{"href":"https:\/\/www.clic-vin.com\/en\/wp-json\/wp\/v2\/product"}],"about":[{"href":"https:\/\/www.clic-vin.com\/en\/wp-json\/wp\/v2\/types\/product"}],"replies":[{"embeddable":true,"href":"https:\/\/www.clic-vin.com\/en\/wp-json\/wp\/v2\/comments?post=3153"}],"wp:featuredmedia":[{"embeddable":true,"href":"https:\/\/www.clic-vin.com\/en\/wp-json\/wp\/v2\/media\/3381"}],"wp:attachment":[{"href":"https:\/\/www.clic-vin.com\/en\/wp-json\/wp\/v2\/media?parent=3153"}],"wp:term":[{"taxonomy":"product_brand","embeddable":true,"href":"https:\/\/www.clic-vin.com\/en\/wp-json\/wp\/v2\/product_brand?post=3153"},{"taxonomy":"product_cat","embeddable":true,"href":"https:\/\/www.clic-vin.com\/en\/wp-json\/wp\/v2\/product_cat?post=3153"},{"taxonomy":"product_tag","embeddable":true,"href":"https:\/\/www.clic-vin.com\/en\/wp-json\/wp\/v2\/product_tag?post=3153"}],"curies":[{"name":"wp","href":"https:\/\/api.w.org\/{rel}","templated":true}]}}