{"id":3166,"date":"2020-10-03T15:53:48","date_gmt":"2020-10-03T14:53:48","guid":{"rendered":"https:\/\/www.clic-vin.com\/?post_type=product&#038;p=3166"},"modified":"2025-09-11T13:00:25","modified_gmt":"2025-09-11T12:00:25","slug":"chateau-mouton-rothschild-2017","status":"publish","type":"product","link":"https:\/\/www.clic-vin.com\/en\/produit\/chateau-mouton-rothschild-2017\/","title":{"rendered":"CHATEAU MOUTON ROTHSCHILD 2017"},"content":{"rendered":"<p><\/p>\n<p style=\"text-align: justify;\">The history of Ch\u00e2teau Mouton Rothschild is that of a magical encounter between soil, climate and the passion of a man: Baron Philippe de Rothschild. Led by two exceptional personalities, Baron Philippe de Rothschild (1902 \u2013 1988) and his daughter, the Baroness Philippine (1933 \u2013 2014), Mouton Rothschild is also a space of art and beauty thanks to its spectacular Grand Chai with a mesmerising perspective, its famous Museum of Wine in Art which brings together two millennia of precious objects associated with the vineyard and the wine and also thanks to its new and magnificent Cuvier, inaugurated in 2013. Mouton Rothschild belongs today to the three children of the Philippine Baroness. Faithfully following the work of their grandfather and their mother, all three are committed to perpetuating the motto of the illustrious Premier Cru: \u201cMutton does not change\u201d.\u00a0<\/p>\n<p style=\"text-align: justify;\">The terroir\u00a0of Ch\u00e2teau Mouton Rothschild, Premier Cru Class\u00e9, has 84 hectares of vines in Pauillac, M\u00e9doc, planted with noble grape varieties from the region:\u00a0Cabernet Sauvignon (80%), Merlot (16%), Cabernet Franc (3% ), Petit-Verdot (1%). The estate benefits from exceptional natural conditions, both its soil quality and its exposure and sunshine. From the grapes to the bottle, it is carefully cared for, combining the respect of tradition with the most modern techniques: highly qualified oenologists, winemakers responsible for each plot of the estate, hand-picked grapes, grapes harvested in crates and sorted on vibrating tables, vinification in oak vats equipped with transparent staves, maturation of the wine in new oak barrels.<\/p>\n<p><\/p>","protected":false},"excerpt":{"rendered":"<p>The history of Ch\u00e2teau Mouton Rothschild is that of a magical encounter between soil, climate and the passion of a [&hellip;]<\/p>\n","protected":false},"featured_media":3167,"comment_status":"open","ping_status":"closed","template":"","meta":{"_acf_changed":false,"_seopress_robots_primary_cat":"","_seopress_titles_title":"Ch\u00e2teau Mouton Rothschild 2017 Rouge | Achat vin","_seopress_titles_desc":"Achat vin Ch\u00e2teau Mouton Rothschild Rouge 2017 au meilleur prix sur %%sitename%%","_seopress_robots_index":""},"product_brand":[],"product_cat":[46],"product_tag":[],"class_list":{"0":"post-3166","1":"product","2":"type-product","3":"status-publish","4":"has-post-thumbnail","6":"product_cat-rouge","7":"pa_accord-mets-vins-gibier","8":"pa_accord-mets-vins-viande-rouge","9":"pa_alcool-146","10":"pa_aoc-pauillac","11":"pa_couleur-rouge","12":"pa_millesime-74","13":"pa_rayon-grands-crus-classes-premium","14":"pa_region-bordeaux","15":"pa_type-de-repas-diner-aux-chandelles","16":"pa_type-de-repas-diner-daffaire","17":"pa_type-de-repas-repas-de-famille","18":"pa_type-de-repas-repas-de-fete","19":"pa_volume-75-cl","21":"first","22":"instock","23":"taxable","24":"shipping-taxable","25":"purchasable","26":"product-type-simple"},"acf":[],"_links":{"self":[{"href":"https:\/\/www.clic-vin.com\/en\/wp-json\/wp\/v2\/product\/3166","targetHints":{"allow":["GET"]}}],"collection":[{"href":"https:\/\/www.clic-vin.com\/en\/wp-json\/wp\/v2\/product"}],"about":[{"href":"https:\/\/www.clic-vin.com\/en\/wp-json\/wp\/v2\/types\/product"}],"replies":[{"embeddable":true,"href":"https:\/\/www.clic-vin.com\/en\/wp-json\/wp\/v2\/comments?post=3166"}],"wp:featuredmedia":[{"embeddable":true,"href":"https:\/\/www.clic-vin.com\/en\/wp-json\/wp\/v2\/media\/3167"}],"wp:attachment":[{"href":"https:\/\/www.clic-vin.com\/en\/wp-json\/wp\/v2\/media?parent=3166"}],"wp:term":[{"taxonomy":"product_brand","embeddable":true,"href":"https:\/\/www.clic-vin.com\/en\/wp-json\/wp\/v2\/product_brand?post=3166"},{"taxonomy":"product_cat","embeddable":true,"href":"https:\/\/www.clic-vin.com\/en\/wp-json\/wp\/v2\/product_cat?post=3166"},{"taxonomy":"product_tag","embeddable":true,"href":"https:\/\/www.clic-vin.com\/en\/wp-json\/wp\/v2\/product_tag?post=3166"}],"curies":[{"name":"wp","href":"https:\/\/api.w.org\/{rel}","templated":true}]}}