{"id":3224,"date":"2020-10-18T20:04:02","date_gmt":"2020-10-18T19:04:02","guid":{"rendered":"https:\/\/www.clic-vin.com\/?post_type=product&#038;p=3224"},"modified":"2025-09-11T13:00:27","modified_gmt":"2025-09-11T12:00:27","slug":"chateau-chemin-royal","status":"publish","type":"product","link":"https:\/\/www.clic-vin.com\/en\/produit\/chateau-chemin-royal\/","title":{"rendered":"CHATEAU CHEMIN ROYAL 2014"},"content":{"rendered":"<p><\/p>\n<p style=\"text-align: justify;\">The vineyard of \u201cChemin Royal\u201d stretches along the ancient roman road, following the \u201croad of wines\u201d, then crossing the slopes of Fonr\u00e9aud.<br \/>\nIn 1962 L\u00e9o Chanfreau took over this old farm belonging to Ch\u00e2teau Fonr\u00e9aud and restored the vineyard of 10 hectares with a majority of Merlot.The old Cabernet Sauvignon were retained. This wonderfully elegant wine is a perfect example of the \u201cMoulis character\u201d.<\/p>\n<p><\/p>","protected":false},"excerpt":{"rendered":"<p>The vineyard of \u201cChemin Royal\u201d stretches along the ancient roman road, following the \u201croad of wines\u201d, then crossing the slopes [&hellip;]<\/p>\n","protected":false},"featured_media":3331,"comment_status":"open","ping_status":"closed","template":"","meta":{"_acf_changed":false,"_seopress_robots_primary_cat":"","_seopress_titles_title":"Ch\u00e2teau Chemin Royal 2014 Rouge | Achat vin | Clic-vin","_seopress_titles_desc":"Acheter vin Ch\u00e2teau Chemin Royal Rouge 2014 au meilleur prix sur %%sitename%%","_seopress_robots_index":""},"product_brand":[],"product_cat":[46],"product_tag":[],"class_list":{"0":"post-3224","1":"product","2":"type-product","3":"status-publish","4":"has-post-thumbnail","6":"product_cat-rouge","7":"pa_accord-mets-vins-charcuterie","8":"pa_accord-mets-vins-gibier","9":"pa_accord-mets-vins-viande-blanche","10":"pa_accord-mets-vins-viande-rouge","11":"pa_alcool-146","12":"pa_aoc-moulis","13":"pa_couleur-rouge","14":"pa_millesime-60","15":"pa_rayon-vins-negoce","16":"pa_region-bordeaux","17":"pa_type-de-repas-repas-entre-amis","18":"pa_volume-75-cl","20":"first","21":"outofstock","22":"taxable","23":"shipping-taxable","24":"purchasable","25":"product-type-simple"},"acf":[],"_links":{"self":[{"href":"https:\/\/www.clic-vin.com\/en\/wp-json\/wp\/v2\/product\/3224","targetHints":{"allow":["GET"]}}],"collection":[{"href":"https:\/\/www.clic-vin.com\/en\/wp-json\/wp\/v2\/product"}],"about":[{"href":"https:\/\/www.clic-vin.com\/en\/wp-json\/wp\/v2\/types\/product"}],"replies":[{"embeddable":true,"href":"https:\/\/www.clic-vin.com\/en\/wp-json\/wp\/v2\/comments?post=3224"}],"wp:featuredmedia":[{"embeddable":true,"href":"https:\/\/www.clic-vin.com\/en\/wp-json\/wp\/v2\/media\/3331"}],"wp:attachment":[{"href":"https:\/\/www.clic-vin.com\/en\/wp-json\/wp\/v2\/media?parent=3224"}],"wp:term":[{"taxonomy":"product_brand","embeddable":true,"href":"https:\/\/www.clic-vin.com\/en\/wp-json\/wp\/v2\/product_brand?post=3224"},{"taxonomy":"product_cat","embeddable":true,"href":"https:\/\/www.clic-vin.com\/en\/wp-json\/wp\/v2\/product_cat?post=3224"},{"taxonomy":"product_tag","embeddable":true,"href":"https:\/\/www.clic-vin.com\/en\/wp-json\/wp\/v2\/product_tag?post=3224"}],"curies":[{"name":"wp","href":"https:\/\/api.w.org\/{rel}","templated":true}]}}