{"id":3226,"date":"2020-10-18T20:35:54","date_gmt":"2020-10-18T19:35:54","guid":{"rendered":"https:\/\/www.clic-vin.com\/?post_type=product&#038;p=3226"},"modified":"2026-04-16T14:40:04","modified_gmt":"2026-04-16T13:40:04","slug":"le-bec-en-sabot-2018","status":"publish","type":"product","link":"https:\/\/www.clic-vin.com\/en\/produit\/le-bec-en-sabot-2018\/","title":{"rendered":"LE BEC EN SABOT 2018"},"content":{"rendered":"<p><\/p>\n<p id=\"tw-target-text\" class=\"tw-data-text tw-text-large XcVN5d tw-ta\" dir=\"ltr\" style=\"text-align: justify;\" data-placeholder=\"Traduction\"><span lang=\"en\">Special Cuv\u00e9e from Ch\u00e2teau de France, in Pessac L\u00e9ognan.<\/span><\/p>\n<p class=\"tw-data-text tw-text-large XcVN5d tw-ta\" dir=\"ltr\" style=\"text-align: justify;\" data-placeholder=\"Traduction\"><span lang=\"en\">Bernard Thomassin, owner of the Ch\u00e2teau de France, passionate about ornithology, had sympathy for this rare, vigorous, fierce and solitary bird, which measures up to 1.50 m and lives in the papyrus marshes of the east of Africa. He had the idea of \u200b\u200bgiving his name to one of his cuv\u00e9es.<\/span><\/p>\n<p><\/p>","protected":false},"excerpt":{"rendered":"<p>Special Cuv\u00e9e from Ch\u00e2teau de France, in Pessac L\u00e9ognan. Bernard Thomassin, owner of the Ch\u00e2teau de France, passionate about ornithology, [&hellip;]<\/p>\n","protected":false},"featured_media":3314,"comment_status":"open","ping_status":"closed","template":"","meta":{"_acf_changed":false,"_seopress_robots_primary_cat":"","_seopress_titles_title":"Le Bec en Sabot Rouge 2018 | Achat vin | Clic-vin.com","_seopress_titles_desc":"Achat vin Le Bec en Sabot Rouge 2018 au meilleur prix sur %%sitename%%","_seopress_robots_index":""},"product_brand":[],"product_cat":[46],"product_tag":[],"class_list":{"0":"post-3226","1":"product","2":"type-product","3":"status-publish","4":"has-post-thumbnail","6":"product_cat-rouge","7":"pa_accord-mets-vins-gibier","8":"pa_accord-mets-vins-viande-rouge","9":"pa_alcool-143","10":"pa_aoc-pessac-leognan-rouge","11":"pa_couleur-rouge","12":"pa_millesime-40","13":"pa_rayon-vins-negoce","14":"pa_region-bordeaux","15":"pa_type-de-repas-diner-aux-chandelles","16":"pa_type-de-repas-diner-daffaire","17":"pa_type-de-repas-repas-de-famille","18":"pa_type-de-repas-repas-de-fete","19":"pa_type-de-repas-repas-entre-amis","20":"pa_volume-75-cl","22":"first","23":"instock","24":"taxable","25":"shipping-taxable","26":"purchasable","27":"product-type-simple"},"acf":[],"_links":{"self":[{"href":"https:\/\/www.clic-vin.com\/en\/wp-json\/wp\/v2\/product\/3226","targetHints":{"allow":["GET"]}}],"collection":[{"href":"https:\/\/www.clic-vin.com\/en\/wp-json\/wp\/v2\/product"}],"about":[{"href":"https:\/\/www.clic-vin.com\/en\/wp-json\/wp\/v2\/types\/product"}],"replies":[{"embeddable":true,"href":"https:\/\/www.clic-vin.com\/en\/wp-json\/wp\/v2\/comments?post=3226"}],"wp:featuredmedia":[{"embeddable":true,"href":"https:\/\/www.clic-vin.com\/en\/wp-json\/wp\/v2\/media\/3314"}],"wp:attachment":[{"href":"https:\/\/www.clic-vin.com\/en\/wp-json\/wp\/v2\/media?parent=3226"}],"wp:term":[{"taxonomy":"product_brand","embeddable":true,"href":"https:\/\/www.clic-vin.com\/en\/wp-json\/wp\/v2\/product_brand?post=3226"},{"taxonomy":"product_cat","embeddable":true,"href":"https:\/\/www.clic-vin.com\/en\/wp-json\/wp\/v2\/product_cat?post=3226"},{"taxonomy":"product_tag","embeddable":true,"href":"https:\/\/www.clic-vin.com\/en\/wp-json\/wp\/v2\/product_tag?post=3226"}],"curies":[{"name":"wp","href":"https:\/\/api.w.org\/{rel}","templated":true}]}}