{"id":3266,"date":"2020-10-21T22:25:32","date_gmt":"2020-10-21T21:25:32","guid":{"rendered":"https:\/\/www.clic-vin.com\/?post_type=product&#038;p=3266"},"modified":"2025-09-11T13:00:26","modified_gmt":"2025-09-11T12:00:26","slug":"chateau-les-millaux-cuvee-excellence","status":"publish","type":"product","link":"https:\/\/www.clic-vin.com\/en\/produit\/chateau-les-millaux-cuvee-excellence\/","title":{"rendered":"CHATEAU LES MILLAUX 2016 Cuv\u00e9e Excellence"},"content":{"rendered":"<p><\/p>\n<p id=\"tw-target-text\" class=\"tw-data-text tw-text-large XcVN5d tw-ta\" dir=\"ltr\" style=\"text-align: justify;\" data-placeholder=\"Traduction\"><span lang=\"en\">In 1925, the Ch\u00e2teau les Millaux was acquired by Alcide Bellot. At that time, the wines produced on the estate were vinified in the cooperative cellar of Maransin, a small town located near Saint Martin du Bois. The son, Marc Bellot, took over the estate in 1956 and wished to withdraw from the cooperative cellar. He built a wine cellar composed mainly of cement vats. The wine will age in oak casks. Since 2014 the fourth generation, with Fr\u00e9d\u00e9ric Bellot, has taken over and continues to offer you quality wines.<\/span><\/p>\n<p><\/p>","protected":false},"excerpt":{"rendered":"<p>In 1925, the Ch\u00e2teau les Millaux was acquired by Alcide Bellot. At that time, the wines produced on the estate [&hellip;]<\/p>\n","protected":false},"featured_media":3402,"comment_status":"open","ping_status":"closed","template":"","meta":{"_acf_changed":false,"_seopress_robots_primary_cat":"","_seopress_titles_title":"Ch\u00e2teau Les Millaux Cuv\u00e9e Excellence Rouge 2017 | Achat vin","_seopress_titles_desc":"Acheter vin Ch\u00e2teau Les Millaux Rouge 2017 au meilleur prix sur %%sitename%%","_seopress_robots_index":""},"product_brand":[],"product_cat":[46],"product_tag":[],"class_list":{"0":"post-3266","1":"product","2":"type-product","3":"status-publish","4":"has-post-thumbnail","6":"product_cat-rouge","7":"pa_accord-mets-vins-charcuterie","8":"pa_accord-mets-vins-viande-blanche","9":"pa_accord-mets-vins-viande-rouge","10":"pa_alcool-146","11":"pa_aoc-bordeaux-rouge","12":"pa_couleur-rouge","13":"pa_millesime-27","14":"pa_rayon-vins-negoce","15":"pa_region-bordeaux","16":"pa_type-de-repas-barbecue","17":"pa_type-de-repas-pique-nique","18":"pa_type-de-repas-soiree-pizza","19":"pa_volume-75-cl","21":"first","22":"outofstock","23":"taxable","24":"shipping-taxable","25":"purchasable","26":"product-type-simple"},"acf":[],"_links":{"self":[{"href":"https:\/\/www.clic-vin.com\/en\/wp-json\/wp\/v2\/product\/3266","targetHints":{"allow":["GET"]}}],"collection":[{"href":"https:\/\/www.clic-vin.com\/en\/wp-json\/wp\/v2\/product"}],"about":[{"href":"https:\/\/www.clic-vin.com\/en\/wp-json\/wp\/v2\/types\/product"}],"replies":[{"embeddable":true,"href":"https:\/\/www.clic-vin.com\/en\/wp-json\/wp\/v2\/comments?post=3266"}],"wp:featuredmedia":[{"embeddable":true,"href":"https:\/\/www.clic-vin.com\/en\/wp-json\/wp\/v2\/media\/3402"}],"wp:attachment":[{"href":"https:\/\/www.clic-vin.com\/en\/wp-json\/wp\/v2\/media?parent=3266"}],"wp:term":[{"taxonomy":"product_brand","embeddable":true,"href":"https:\/\/www.clic-vin.com\/en\/wp-json\/wp\/v2\/product_brand?post=3266"},{"taxonomy":"product_cat","embeddable":true,"href":"https:\/\/www.clic-vin.com\/en\/wp-json\/wp\/v2\/product_cat?post=3266"},{"taxonomy":"product_tag","embeddable":true,"href":"https:\/\/www.clic-vin.com\/en\/wp-json\/wp\/v2\/product_tag?post=3266"}],"curies":[{"name":"wp","href":"https:\/\/api.w.org\/{rel}","templated":true}]}}