{"id":4942,"date":"2023-02-03T15:56:44","date_gmt":"2023-02-03T14:56:44","guid":{"rendered":"https:\/\/www.clic-vin.com\/?post_type=product&#038;p=4942"},"modified":"2025-09-11T13:00:31","modified_gmt":"2025-09-11T12:00:31","slug":"chateau-quinsac-tradition-2019","status":"publish","type":"product","link":"https:\/\/www.clic-vin.com\/en\/produit\/chateau-quinsac-tradition-2019\/","title":{"rendered":"CHATEAU QUINSAC TRADITION 2019"},"content":{"rendered":"<p><\/p>\n<p>Located between Bordeaux and Saint-Emilion, Ch\u00e2teau Quinsac belongs to the largest estates in the Bordeaux Sup\u00e9rieur area since the End of the Second Empire. In the heart of the estate, a ch\u00e2teau from the Restauration Period was erected at the exact place of a former Gallo Roman Villa. In 1635, under the reign of Louis XIII, the ch\u00e2teau was owned by the Quinsac Family, Royal Notaries of Bordeaux. Destroyed during the French revolution, the Ch\u00e2teau was rebuilt in its current style by wine merchants from Bordeaux.<\/p>\n<p><\/p>","protected":false},"excerpt":{"rendered":"<p>Located between Bordeaux and Saint-Emilion, Ch\u00e2teau Quinsac belongs to the largest estates in the Bordeaux Sup\u00e9rieur area since the End [&hellip;]<\/p>\n","protected":false},"featured_media":3385,"comment_status":"open","ping_status":"closed","template":"","meta":{"_acf_changed":false,"_seopress_robots_primary_cat":"","_seopress_titles_title":"Ch\u00e2teau Quinsac 2019 | Achat Vin | Clic-Vin","_seopress_titles_desc":"","_seopress_robots_index":""},"product_brand":[],"product_cat":[46],"product_tag":[],"class_list":{"0":"post-4942","1":"product","2":"type-product","3":"status-publish","4":"has-post-thumbnail","6":"product_cat-rouge","7":"pa_accord-mets-vins-charcuterie","8":"pa_accord-mets-vins-viande-blanche","9":"pa_accord-mets-vins-viande-rouge","10":"pa_aoc-bordeaux-superieur","11":"pa_couleur-rouge","12":"pa_millesime-65","13":"pa_rayon-vins-la-france","14":"pa_region-bordeaux","15":"pa_type-de-repas-barbecue","16":"pa_type-de-repas-pique-nique","17":"pa_type-de-repas-repas-entre-amis","18":"pa_type-de-repas-soiree-pizza","19":"pa_volume-75-cl","21":"first","22":"instock","23":"taxable","24":"shipping-taxable","25":"purchasable","26":"product-type-simple"},"acf":[],"_links":{"self":[{"href":"https:\/\/www.clic-vin.com\/en\/wp-json\/wp\/v2\/product\/4942","targetHints":{"allow":["GET"]}}],"collection":[{"href":"https:\/\/www.clic-vin.com\/en\/wp-json\/wp\/v2\/product"}],"about":[{"href":"https:\/\/www.clic-vin.com\/en\/wp-json\/wp\/v2\/types\/product"}],"replies":[{"embeddable":true,"href":"https:\/\/www.clic-vin.com\/en\/wp-json\/wp\/v2\/comments?post=4942"}],"wp:featuredmedia":[{"embeddable":true,"href":"https:\/\/www.clic-vin.com\/en\/wp-json\/wp\/v2\/media\/3385"}],"wp:attachment":[{"href":"https:\/\/www.clic-vin.com\/en\/wp-json\/wp\/v2\/media?parent=4942"}],"wp:term":[{"taxonomy":"product_brand","embeddable":true,"href":"https:\/\/www.clic-vin.com\/en\/wp-json\/wp\/v2\/product_brand?post=4942"},{"taxonomy":"product_cat","embeddable":true,"href":"https:\/\/www.clic-vin.com\/en\/wp-json\/wp\/v2\/product_cat?post=4942"},{"taxonomy":"product_tag","embeddable":true,"href":"https:\/\/www.clic-vin.com\/en\/wp-json\/wp\/v2\/product_tag?post=4942"}],"curies":[{"name":"wp","href":"https:\/\/api.w.org\/{rel}","templated":true}]}}