{"id":5759,"date":"2024-06-11T14:50:21","date_gmt":"2024-06-11T13:50:21","guid":{"rendered":"https:\/\/www.clic-vin.com\/?post_type=product&#038;p=5759"},"modified":"2025-12-03T15:39:37","modified_gmt":"2025-12-03T14:39:37","slug":"chateau-senejac-2019","status":"publish","type":"product","link":"https:\/\/www.clic-vin.com\/en\/produit\/chateau-senejac-2019\/","title":{"rendered":"CHATEAU SENEJAC 2019"},"content":{"rendered":"<p><\/p>\n<p style=\"text-align: justify;\">Ch\u00e2teau S\u00e9n\u00e9jac belongs by the Bignon family who are also the owners of Ch\u00e2teau Talbot, Grand Cru Class\u00e9 of Saint-Julien. Ch\u00e2teau S\u00e9n\u00e9jac extends over 150 hectares, within which 41 hectares of vines are exploited. The vines are typical of the M\u00e9doc with a majority of Cabernet-Sauvignon (51%), followed by Merlot (30%), Cabernet-Franc (11%) and a touch of Petit Verdot (8%). The plots of vines are surrounded by a wide agricultural land &#8211; meadows and forest &#8211; that constitute a rich reserve of biodiversity that is carefully maintained.<\/p>\n<p><\/p>","protected":false},"excerpt":{"rendered":"<p>Ch\u00e2teau S\u00e9n\u00e9jac belongs by the Bignon family who are also the owners of Ch\u00e2teau Talbot, Grand Cru Class\u00e9 of Saint-Julien. [&hellip;]<\/p>\n","protected":false},"featured_media":3390,"comment_status":"open","ping_status":"closed","template":"","meta":{"_acf_changed":false,"_seopress_robots_primary_cat":"none","_seopress_titles_title":"","_seopress_titles_desc":"","_seopress_robots_index":""},"product_brand":[],"product_cat":[156,46],"product_tag":[],"class_list":{"0":"post-5759","1":"product","2":"type-product","3":"status-publish","4":"has-post-thumbnail","6":"product_cat-idees-cadeaux","7":"product_cat-rouge","8":"pa_accord-mets-vins-gibier","9":"pa_accord-mets-vins-viande-rouge","10":"pa_alcool-146","11":"pa_aoc-haut-medoc","12":"pa_couleur-rouge","13":"pa_millesime-65","14":"pa_rayon-vins-negoce","15":"pa_region-bordeaux","16":"pa_type-de-repas-repas-de-famille","17":"pa_type-de-repas-repas-de-fete","18":"pa_type-de-repas-repas-entre-amis","19":"pa_volume-75-cl","21":"first","22":"instock","23":"taxable","24":"shipping-taxable","25":"purchasable","26":"product-type-simple"},"acf":[],"_links":{"self":[{"href":"https:\/\/www.clic-vin.com\/en\/wp-json\/wp\/v2\/product\/5759","targetHints":{"allow":["GET"]}}],"collection":[{"href":"https:\/\/www.clic-vin.com\/en\/wp-json\/wp\/v2\/product"}],"about":[{"href":"https:\/\/www.clic-vin.com\/en\/wp-json\/wp\/v2\/types\/product"}],"replies":[{"embeddable":true,"href":"https:\/\/www.clic-vin.com\/en\/wp-json\/wp\/v2\/comments?post=5759"}],"wp:featuredmedia":[{"embeddable":true,"href":"https:\/\/www.clic-vin.com\/en\/wp-json\/wp\/v2\/media\/3390"}],"wp:attachment":[{"href":"https:\/\/www.clic-vin.com\/en\/wp-json\/wp\/v2\/media?parent=5759"}],"wp:term":[{"taxonomy":"product_brand","embeddable":true,"href":"https:\/\/www.clic-vin.com\/en\/wp-json\/wp\/v2\/product_brand?post=5759"},{"taxonomy":"product_cat","embeddable":true,"href":"https:\/\/www.clic-vin.com\/en\/wp-json\/wp\/v2\/product_cat?post=5759"},{"taxonomy":"product_tag","embeddable":true,"href":"https:\/\/www.clic-vin.com\/en\/wp-json\/wp\/v2\/product_tag?post=5759"}],"curies":[{"name":"wp","href":"https:\/\/api.w.org\/{rel}","templated":true}]}}