{"id":6915,"date":"2025-09-14T17:26:50","date_gmt":"2025-09-14T16:26:50","guid":{"rendered":"https:\/\/www.clic-vin.com\/?post_type=product&#038;p=6915"},"modified":"2026-02-06T12:40:05","modified_gmt":"2026-02-06T11:40:05","slug":"chateau-leoville-barton-2020","status":"publish","type":"product","link":"https:\/\/www.clic-vin.com\/en\/produit\/chateau-leoville-barton-2020\/","title":{"rendered":"CHATEAU LEOVILLE BARTON 2020"},"content":{"rendered":"<p><\/p>\n<p style=\"text-align: justify;\">The terroir at L\u00e9oville Barton is composed of one of the most beautiful outcrops of Garonne gravel, facing the Gironde, in the heart of the Saint Julien appellation, 40 kms north of Bordeaux in the M\u00e9doc region. The 50 hectares (124 acres) of vines at Ch\u00e2teau L\u00e9oville Barton are planted in gravelly soils with a clay subsoil and include a high proportion of old vines to ensure optimum quality. The planting ratio is composed of 74% Cabernet Sauvignon, 23% Merlot and 3% Cabernet Franc, the traditional M\u00e9doc grape varieties.<\/p>\n<p><\/p>","protected":false},"excerpt":{"rendered":"<p>The terroir at L\u00e9oville Barton is composed of one of the most beautiful outcrops of Garonne gravel, facing the Gironde, [&hellip;]<\/p>\n","protected":false},"featured_media":3431,"comment_status":"open","ping_status":"closed","template":"","meta":{"_acf_changed":false,"_seopress_robots_primary_cat":"none","_seopress_titles_title":"Ch\u00e2teau L\u00e9oville Barton Rouge 2020 | Achat vin | Clic-vin","_seopress_titles_desc":"Achat vin Ch\u00e2teau L\u00e9oville Barton Rouge 2020 au meilleur prix sur %%sitename%%","_seopress_robots_index":""},"product_brand":[],"product_cat":[46],"product_tag":[],"class_list":{"0":"post-6915","1":"product","2":"type-product","3":"status-publish","4":"has-post-thumbnail","6":"product_cat-rouge","7":"pa_accord-mets-vins-gibier","8":"pa_accord-mets-vins-viande-rouge","9":"pa_alcool-146","10":"pa_aoc-saint-julien","11":"pa_couleur-rouge","12":"pa_millesime-170","13":"pa_rayon-vins-grands-crus-classes","14":"pa_region-bordeaux","15":"pa_type-de-repas-diner-aux-chandelles","16":"pa_type-de-repas-diner-daffaire","17":"pa_type-de-repas-repas-de-famille","18":"pa_type-de-repas-repas-de-fete","19":"pa_volume-75-cl","21":"first","22":"instock","23":"taxable","24":"shipping-taxable","25":"purchasable","26":"product-type-simple"},"acf":[],"_links":{"self":[{"href":"https:\/\/www.clic-vin.com\/en\/wp-json\/wp\/v2\/product\/6915","targetHints":{"allow":["GET"]}}],"collection":[{"href":"https:\/\/www.clic-vin.com\/en\/wp-json\/wp\/v2\/product"}],"about":[{"href":"https:\/\/www.clic-vin.com\/en\/wp-json\/wp\/v2\/types\/product"}],"replies":[{"embeddable":true,"href":"https:\/\/www.clic-vin.com\/en\/wp-json\/wp\/v2\/comments?post=6915"}],"wp:featuredmedia":[{"embeddable":true,"href":"https:\/\/www.clic-vin.com\/en\/wp-json\/wp\/v2\/media\/3431"}],"wp:attachment":[{"href":"https:\/\/www.clic-vin.com\/en\/wp-json\/wp\/v2\/media?parent=6915"}],"wp:term":[{"taxonomy":"product_brand","embeddable":true,"href":"https:\/\/www.clic-vin.com\/en\/wp-json\/wp\/v2\/product_brand?post=6915"},{"taxonomy":"product_cat","embeddable":true,"href":"https:\/\/www.clic-vin.com\/en\/wp-json\/wp\/v2\/product_cat?post=6915"},{"taxonomy":"product_tag","embeddable":true,"href":"https:\/\/www.clic-vin.com\/en\/wp-json\/wp\/v2\/product_tag?post=6915"}],"curies":[{"name":"wp","href":"https:\/\/api.w.org\/{rel}","templated":true}]}}