{"id":6917,"date":"2025-09-14T18:10:32","date_gmt":"2025-09-14T17:10:32","guid":{"rendered":"https:\/\/www.clic-vin.com\/?post_type=product&#038;p=6917"},"modified":"2025-12-16T11:40:05","modified_gmt":"2025-12-16T10:40:05","slug":"preface-de-tour-des-termes-2018","status":"publish","type":"product","link":"https:\/\/www.clic-vin.com\/en\/produit\/preface-de-tour-des-termes-2018\/","title":{"rendered":"PREFACE DE TOUR DES TERMES 2018"},"content":{"rendered":"<p><\/p>\n<p style=\"text-align: justify;\">The Cuv\u00e9e Pr\u00e9face de Tour des Termes is the second wine of the Ch\u00e2teau Tour des Termes. Made from younger vines, it benefits from the same care as its elder brother.<br \/>\nThe name of Ch\u00e2teau Tour des Termes came from an old tower located on one of the plots called \u00ab Termes \u00bb. <br \/>\nBut most of all, Tour des Termes is the story of an old m\u00e9docaine family Anney who since 1678 were establishing from generation to generation what the estate is today. In 1979, Jean and Christophe Anney continued the family tradition by developing the vineyard and investing in building work and equipment. A major effort was put in to plot selection, making Ch\u00e2teau Tour des Termes one of the best Crus Bourgeois of the Appellation.<\/p>\n<p><\/p>","protected":false},"excerpt":{"rendered":"<p>The Cuv\u00e9e Pr\u00e9face de Tour des Termes is the second wine of the Ch\u00e2teau Tour des Termes. Made from younger [&hellip;]<\/p>\n","protected":false},"featured_media":3442,"comment_status":"open","ping_status":"closed","template":"","meta":{"_acf_changed":false,"_seopress_robots_primary_cat":"","_seopress_titles_title":"Pr\u00e9face de tour des termes 2018 Rouge | Achat vin | Clic-vin","_seopress_titles_desc":"Acheter vin Pr\u00e9face de tour des termes Rouge 2018 au meilleur prix sur %%sitename%%","_seopress_robots_index":""},"product_brand":[],"product_cat":[46],"product_tag":[],"class_list":{"0":"post-6917","1":"product","2":"type-product","3":"status-publish","4":"has-post-thumbnail","6":"product_cat-rouge","7":"pa_accord-mets-vins-charcuterie","8":"pa_accord-mets-vins-gibier","9":"pa_accord-mets-vins-viande-blanche","10":"pa_accord-mets-vins-viande-rouge","11":"pa_alcool-144","12":"pa_aoc-saint-estephe","13":"pa_couleur-rouge","14":"pa_millesime-40","15":"pa_rayon-vins-negoce","16":"pa_region-bordeaux","17":"pa_type-de-repas-repas-entre-amis","18":"pa_type-de-repas-soiree-entre-copines","19":"pa_volume-75-cl","21":"first","22":"instock","23":"taxable","24":"shipping-taxable","25":"purchasable","26":"product-type-simple"},"acf":[],"_links":{"self":[{"href":"https:\/\/www.clic-vin.com\/en\/wp-json\/wp\/v2\/product\/6917","targetHints":{"allow":["GET"]}}],"collection":[{"href":"https:\/\/www.clic-vin.com\/en\/wp-json\/wp\/v2\/product"}],"about":[{"href":"https:\/\/www.clic-vin.com\/en\/wp-json\/wp\/v2\/types\/product"}],"replies":[{"embeddable":true,"href":"https:\/\/www.clic-vin.com\/en\/wp-json\/wp\/v2\/comments?post=6917"}],"wp:featuredmedia":[{"embeddable":true,"href":"https:\/\/www.clic-vin.com\/en\/wp-json\/wp\/v2\/media\/3442"}],"wp:attachment":[{"href":"https:\/\/www.clic-vin.com\/en\/wp-json\/wp\/v2\/media?parent=6917"}],"wp:term":[{"taxonomy":"product_brand","embeddable":true,"href":"https:\/\/www.clic-vin.com\/en\/wp-json\/wp\/v2\/product_brand?post=6917"},{"taxonomy":"product_cat","embeddable":true,"href":"https:\/\/www.clic-vin.com\/en\/wp-json\/wp\/v2\/product_cat?post=6917"},{"taxonomy":"product_tag","embeddable":true,"href":"https:\/\/www.clic-vin.com\/en\/wp-json\/wp\/v2\/product_tag?post=6917"}],"curies":[{"name":"wp","href":"https:\/\/api.w.org\/{rel}","templated":true}]}}